{"id":279,"date":"2020-05-05T16:18:40","date_gmt":"2020-05-05T19:18:40","guid":{"rendered":"https:\/\/www.tecnosonda.com.br\/?page_id=279"},"modified":"2025-05-13T15:29:08","modified_gmt":"2025-05-13T18:29:08","slug":"sistema-de-gestao-integrada","status":"publish","type":"page","link":"https:\/\/www.tecnosonda.com.br\/es\/a-empresa\/sistema-de-gestao-integrada\/","title":{"rendered":"Sistema de Gesti\u00f3n Integrado"},"content":{"rendered":"<!-- wp:paragraph -->\r\n<div class=\"tlid-input input\">\r\n<div class=\"source-wrap\">\r\n<div class=\"input-full-height-wrapper tlid-input-full-height-wrapper\">\r\n<div class=\"source-input\">\r\n<div class=\"source-footer-wrap source-or-target-footer\">\r\n<div class=\"character-count tlid-character-count\">\r\n<p class=\"p1\"><b>Tecnosonda S\/A<\/b><span class=\"s1\">, empresa brasile\u00f1a de servicios y soluciones de ingenier\u00eda, adopta la siguiente <\/span><b>Pol\u00edtica de Gesti\u00f3n Integrada y de ESG (Ambiental, Social y de Gobernanza)<\/b><span class=\"s1\">:<\/span><\/p>\r\n<ul>\r\n<li class=\"p3\">Ser un referente en servicios de ingenier\u00eda industrial, electromec\u00e1nica, geotecnia, civil, infraestructura y en sostenibilidad.<br \/><br \/><\/li>\r\n<li class=\"p3\">Satisfacer a los clientes cumpliendo con los requisitos mutuamente acordados.<br \/><br \/><\/li>\r\n<li class=\"p3\">Comprometerse con la calidad, invirtiendo en tecnolog\u00eda y estandarizaci\u00f3n de procesos, concienciando a los colaboradores para actuar en la prevenci\u00f3n de lesiones, enfermedades ocupacionales, contaminaci\u00f3n y en la protecci\u00f3n del medio ambiente.<br \/><br \/><\/li>\r\n<li class=\"p3\">Comprometerse con la promoci\u00f3n de la educaci\u00f3n ambiental, la salud y seguridad, la gobernanza corporativa y las cuestiones sociales del ESG.<br \/><br \/><\/li>\r\n<li class=\"p3\">Comprometerse a reducir los riesgos e impactos adversos, proporcionando condiciones y ambientes seguros y saludables, consultando y garantizando la participaci\u00f3n de los trabajadores para anticipar lesiones y problemas de salud.<br \/><br \/><\/li>\r\n<li class=\"p3\">Comprometerse a proteger los datos personales de los trabajadores y partes interesadas.<br \/><br \/><\/li>\r\n<li class=\"p3\">Cumplir con la legislaci\u00f3n aplicable y dem\u00e1s requisitos relacionados con el medio ambiente, la salud y seguridad ocupacional, y las relaciones laborales.<br \/><br \/><\/li>\r\n<li class=\"p3\">Evolucionar continuamente el Sistema de Gesti\u00f3n Integrada y de ESG.<\/li>\r\n<\/ul>\r\n<p class=\"p3\">La empresa posee las certificaciones ISO 9001, ISO 14001 e ISO 45001 por su trabajo con Calidad, respeto al Medio Ambiente y promoci\u00f3n de la Seguridad y Salud Ocupacional.<\/p>\r\n<\/div>\r\n<\/div>\r\n<\/div>\r\n<\/div>\r\n<\/div>\r\n<\/div>\r\n<div class=\"col-lg-4\">\r\n<div class=\"col-lg-4\">\r\n<div class=\"col-lg-4\"><a href=\"https:\/\/www.tecnosonda.com.br\/wp-content\/uploads\/2025\/03\/Certificado-ISO-9001_2015.pdf\" target=\"_blank\" rel=\"noopener\"><img loading=\"lazy\" decoding=\"async\" class=\"alignnone wp-image-1807 size-full\" src=\"https:\/\/www.tecnosonda.com.br\/wp-content\/uploads\/2025\/03\/thumb_certificado_iso9001.jpg\" alt=\"\" width=\"310\" height=\"413\" srcset=\"https:\/\/www.tecnosonda.com.br\/wp-content\/uploads\/2025\/03\/thumb_certificado_iso9001.jpg 310w, https:\/\/www.tecnosonda.com.br\/wp-content\/uploads\/2025\/03\/thumb_certificado_iso9001-225x300.jpg 225w\" sizes=\"auto, (max-width: 310px) 100vw, 310px\" \/><\/a><\/div>\r\n<div class=\"col-lg-4\"><a href=\"https:\/\/www.tecnosonda.com.br\/wp-content\/uploads\/2025\/03\/Certificado-ISO-14001_2015.pdf\" target=\"_blank\" rel=\"noopener\"><img loading=\"lazy\" decoding=\"async\" class=\"alignnone wp-image-1808 size-full\" src=\"https:\/\/www.tecnosonda.com.br\/wp-content\/uploads\/2025\/03\/thumb_certificado_iso14001.jpg\" alt=\"\" width=\"310\" height=\"413\" srcset=\"https:\/\/www.tecnosonda.com.br\/wp-content\/uploads\/2025\/03\/thumb_certificado_iso14001.jpg 310w, https:\/\/www.tecnosonda.com.br\/wp-content\/uploads\/2025\/03\/thumb_certificado_iso14001-225x300.jpg 225w\" sizes=\"auto, (max-width: 310px) 100vw, 310px\" \/><\/a><\/div>\r\n<div class=\"col-lg-4\"><a href=\"https:\/\/www.tecnosonda.com.br\/wp-content\/uploads\/2025\/03\/Certificado-ISO-45001_2018.pdf\" target=\"_blank\" rel=\"noopener\"><img loading=\"lazy\" decoding=\"async\" class=\"alignnone wp-image-1809 size-full\" src=\"https:\/\/www.tecnosonda.com.br\/wp-content\/uploads\/2025\/03\/thumb_certificado_iso45001.jpg\" alt=\"\" width=\"310\" height=\"413\" srcset=\"https:\/\/www.tecnosonda.com.br\/wp-content\/uploads\/2025\/03\/thumb_certificado_iso45001.jpg 310w, https:\/\/www.tecnosonda.com.br\/wp-content\/uploads\/2025\/03\/thumb_certificado_iso45001-225x300.jpg 225w\" sizes=\"auto, (max-width: 310px) 100vw, 310px\" \/><\/a><\/div>\r\n<\/div>\r\n<\/div>\r\n<p><span class=\"\" title=\"\">\u00a0<\/span><\/p>\r\n<div class=\"row selos-isos-1\">\r\n<div class=\"col-lg-4\">\r\n<div class=\"col-lg-4\">\r\n<div class=\"col-lg-4\">\u00a0<\/div>\r\n<\/div>\r\n<\/div>\r\n<\/div>\r\n<!-- wp:group -->\r\n<div class=\"wp-block-group\">\r\n<div class=\"wp-block-group__inner-container\"><!-- wp:paragraph -->\r\n<p>El Programa de Integridad de Tecnosonda S \/ A tiene el objetivo principal de prevenir, detectar y mitigar los riesgos derivados de la relaci\u00f3n con los agentes p\u00fablicos, especialmente los actos contra la administraci\u00f3n p\u00fablica previstos en la Ley 12.846, de 1 de agosto de 2013, que hace cumplir valores de integridad y transparencia en las pr\u00e1cticas comerciales y comerciales diarias de TECNOSONDA, incluso para sus terceros (socios comerciales, proveedores y proveedores de servicios).<\/p>\r\n<p>El Programa de Integridad es el resultado de una serie de iniciativas que, durante cinco d\u00e9cadas, refuerzan el compromiso de TECNOSONDA de mantener riguroso est\u00e1ndar \u00e9tico.<\/p>\r\n<p>Aunque TECNOSONDA es una corporaci\u00f3n privada, sujeta exclusivamente al sistema legal brasile\u00f1o, su Programa de Integridad cumple con las premisas legales de la Ley de Pr\u00e1cticas Corruptas en el Extranjero de Am\u00e9rica del Norte y la Ley Antisoborno del Reino Unido, as\u00ed como las siguientes pautas legales y normativo, a saber:<\/p>\r\n<ul>\r\n<li>Decreto 8.420 \/ 15 que regula la Ley 12.846 \/ 13, espec\u00edficamente sobre los par\u00e1metros de evaluaci\u00f3n de los programas de integridad previstos en el art. 42;<br \/><br \/><\/li>\r\n<li>Ordenanza CGU 909\/15, que prev\u00e9 la evaluaci\u00f3n de los programas de integridad corporativa;<br \/><br \/><\/li>\r\n<li>Orientaci\u00f3n emitida por la Contralor\u00eda General de las Uniones (UGE) sobre programas de integridad &#8211; Directrices para empresas privadas;<br \/><br \/><\/li>\r\n<li>DSC 10,000 &#8211; Pautas para el Sistema de cumplimiento, emitidas por EBANC &#8211; Compa\u00f1\u00eda brasile\u00f1a de acreditaci\u00f3n de est\u00e1ndares de cumplimiento; y<br \/><br \/><\/li>\r\n<li>Manual del Programa de Prevenci\u00f3n de la Corrupci\u00f3n de Petrobras (PPPC).<\/li>\r\n<\/ul>\r\n<p>&nbsp;<\/p>\r\n<p>El representante del \u00e1rea administrativa es responsable del funcionamiento diario del Programa de Integridad TECNOSONDA (Oficial de Cumplimiento) y, junto con el Defensor del Pueblo, recibir\u00e1 mensajes enviados al Canal de Orientaci\u00f3n e Informes (L\u00ednea de Ayuda), que tiene las siguientes opciones:<\/p>\r\n<p>1. E-mail: <a href=\"mailto:%20ouvidoria@tecnosonda.com.br\">ouvidoria@tecnosonda.com.br<\/a>;<br \/>2. Tel\u00e9fono: +55 71 3034 7683;<br \/>3. Letra: Rua da Tail\u00e2ndia, 85, Granjas Rurais Presidente Vargas, Salvador\/BA, CEP 41230-215.<br \/><br \/>Se permitir\u00e1n contactos an\u00f3nimos y, en ning\u00fan caso, se tolerar\u00e1n represalias contra quienes utilicen dichos canales de comunicaci\u00f3n de buena fe.<\/p>\r\n<!-- \/wp:paragraph --><\/div>\r\n<\/div>\r\n<!-- \/wp:group -->","protected":false},"excerpt":{"rendered":"<p>Tecnosonda S\/A, empresa brasile\u00f1a de servicios y soluciones de ingenier\u00eda, adopta la siguiente Pol\u00edtica de Gesti\u00f3n Integrada y de ESG (Ambiental, Social y de Gobernanza): Ser un referente en servicios de ingenier\u00eda industrial, electromec\u00e1nica, geotecnia, civil, infraestructura y en sostenibilidad. Satisfacer a los clientes cumpliendo con los requisitos mutuamente acordados. Comprometerse con la calidad, invirtiendo [&hellip;]<\/p>\n","protected":false},"author":1,"featured_media":60,"parent":250,"menu_order":0,"comment_status":"closed","ping_status":"closed","template":"modelo-content-corrido.php","meta":{"footnotes":""},"categories":[],"tags":[],"class_list":["post-279","page","type-page","status-publish","has-post-thumbnail","hentry"],"_links":{"self":[{"href":"https:\/\/www.tecnosonda.com.br\/es\/wp-json\/wp\/v2\/pages\/279","targetHints":{"allow":["GET"]}}],"collection":[{"href":"https:\/\/www.tecnosonda.com.br\/es\/wp-json\/wp\/v2\/pages"}],"about":[{"href":"https:\/\/www.tecnosonda.com.br\/es\/wp-json\/wp\/v2\/types\/page"}],"author":[{"embeddable":true,"href":"https:\/\/www.tecnosonda.com.br\/es\/wp-json\/wp\/v2\/users\/1"}],"replies":[{"embeddable":true,"href":"https:\/\/www.tecnosonda.com.br\/es\/wp-json\/wp\/v2\/comments?post=279"}],"version-history":[{"count":56,"href":"https:\/\/www.tecnosonda.com.br\/es\/wp-json\/wp\/v2\/pages\/279\/revisions"}],"predecessor-version":[{"id":1824,"href":"https:\/\/www.tecnosonda.com.br\/es\/wp-json\/wp\/v2\/pages\/279\/revisions\/1824"}],"up":[{"embeddable":true,"href":"https:\/\/www.tecnosonda.com.br\/es\/wp-json\/wp\/v2\/pages\/250"}],"wp:featuredmedia":[{"embeddable":true,"href":"https:\/\/www.tecnosonda.com.br\/es\/wp-json\/wp\/v2\/media\/60"}],"wp:attachment":[{"href":"https:\/\/www.tecnosonda.com.br\/es\/wp-json\/wp\/v2\/media?parent=279"}],"wp:term":[{"taxonomy":"category","embeddable":true,"href":"https:\/\/www.tecnosonda.com.br\/es\/wp-json\/wp\/v2\/categories?post=279"},{"taxonomy":"post_tag","embeddable":true,"href":"https:\/\/www.tecnosonda.com.br\/es\/wp-json\/wp\/v2\/tags?post=279"}],"curies":[{"name":"wp","href":"https:\/\/api.w.org\/{rel}","templated":true}]}}