{"id":262,"date":"2020-05-05T16:03:32","date_gmt":"2020-05-05T19:03:32","guid":{"rendered":"https:\/\/www.tecnosonda.com.br\/?page_id=262"},"modified":"2020-08-06T15:13:55","modified_gmt":"2020-08-06T18:13:55","slug":"area-de-atuacao","status":"publish","type":"page","link":"https:\/\/www.tecnosonda.com.br\/es\/area-de-atuacao\/","title":{"rendered":"\u00c1rea de Actuaci\u00f3n"},"content":{"rendered":"<!-- wp:paragraph \/-->\r\n<p>TECNOSONDA es una empresa especializada en cimentaciones, geotecnia, construcci\u00f3n civil y mec\u00e1nica, que tambi\u00e9n act\u00faa en mantenimiento y montaje industrial.<\/p>\r\n<p>Con profesionales calificados, la compa\u00f1\u00eda opera en todo el territorio nacional, teniendo como principales clientes: Petroleum, Petrochemical, Steel, Construction Companies, Public Agencies, Mining and Oil and Gas Market.<\/p>\r\n<p>A continuaci\u00f3n se muestra una lista de los principales servicios en las siguientes especialidades:<\/p>\r\n<!-- wp:group -->\r\n<div class=\"wp-block-group\">\r\n<div class=\"wp-block-group__inner-container\"><!-- wp:spacer {\"height\":33} -->\r\n<div class=\"wp-block-spacer\" style=\"height: 33px;\" aria-hidden=\"true\">\u00a0<\/div>\r\n<!-- \/wp:spacer -->\r\n\r\n<!-- wp:table {\"className\":\"is-style-regular\"} -->\r\n<figure class=\"wp-block-table is-style-regular\">\r\n<table>\r\n<tbody>\r\n<tr>\r\n<td><strong>FUNDACIONES y GEOTECNIA<br \/><br \/><\/strong>\u2022 Fundaciones Profundas<br \/>\u2022 Ejecuci\u00f3n de risers.<br \/>\u2022 Pruebas de carga<br \/>\u2022 Pruebas PIT<br \/>\u2022 Inyecci\u00f3n de cemento y arena.<br \/>\u2022 Consolidaciones geot\u00e9cnicas<br \/>\u2022 Pruebas geot\u00e9cnicas y encuestas<br \/>\u2022 Descenso de aguas subterr\u00e1neas<br \/>\u2022 Cortinas drapeadas<br \/>\u2022 Shotcrete<br \/>\u2022 Piez\u00f3metro<br \/>\u2022 Inclin\u00f3metro<\/td>\r\n<td><strong>CONSTRUCCI\u00d3N CIVIL<br \/><br \/><\/strong>\u2022 Edificios<br \/>\u2022 Obras civiles para el \u00e1rea industrial<br \/>\u2022 Recuperaci\u00f3n y Fortalecimiento de Estructuras.<br \/>\u2022 Construcci\u00f3n y mantenimiento civil en alta mar<br \/>\u2022 Construcci\u00f3n sobre estructuras met\u00e1licas.<br \/>\u2022 Pavimentos<br \/>\u2022 Drenajes<br \/>\u2022 asfalto<br \/><br \/><br \/><br \/><br \/><\/td>\r\n<\/tr>\r\n<tr>\r\n<td>\r\n<p><br \/><br \/><strong>ELETROMEC\u00c1NICO<br \/><br \/><\/strong>\u2022 Manutenci\u00f3n industrial<br \/>\u2022 Instalaciones mec\u00e1nicas<br \/>\u2022 Instalaciones el\u00e9ctricas<br \/>\u2022 Construcci\u00f3n de oleoductos y gasoductos.<br \/>\u2022 Construcci\u00f3n y montaje.<br \/>\u2022 Instrumentaci\u00f3n<br \/>\u2022 Construcci\u00f3n y mantenimiento de subestaciones<\/p>\r\n<\/td>\r\n<td>\u00a0<\/td>\r\n<\/tr>\r\n<\/tbody>\r\n<\/table>\r\n<\/figure>\r\n<!-- \/wp:table --><\/div>\r\n<\/div>\r\n<!-- \/wp:group -->","protected":false},"excerpt":{"rendered":"<p>TECNOSONDA es una empresa especializada en cimentaciones, geotecnia, construcci\u00f3n civil y mec\u00e1nica, que tambi\u00e9n act\u00faa en mantenimiento y montaje industrial. Con profesionales calificados, la compa\u00f1\u00eda opera en todo el territorio nacional, teniendo como principales clientes: Petroleum, Petrochemical, Steel, Construction Companies, Public Agencies, Mining and Oil and Gas Market. A continuaci\u00f3n se muestra una lista de [&hellip;]<\/p>\n","protected":false},"author":1,"featured_media":60,"parent":0,"menu_order":0,"comment_status":"closed","ping_status":"closed","template":"modelo-content-corrido.php","meta":{"footnotes":""},"categories":[],"tags":[],"class_list":["post-262","page","type-page","status-publish","has-post-thumbnail","hentry"],"_links":{"self":[{"href":"https:\/\/www.tecnosonda.com.br\/es\/wp-json\/wp\/v2\/pages\/262","targetHints":{"allow":["GET"]}}],"collection":[{"href":"https:\/\/www.tecnosonda.com.br\/es\/wp-json\/wp\/v2\/pages"}],"about":[{"href":"https:\/\/www.tecnosonda.com.br\/es\/wp-json\/wp\/v2\/types\/page"}],"author":[{"embeddable":true,"href":"https:\/\/www.tecnosonda.com.br\/es\/wp-json\/wp\/v2\/users\/1"}],"replies":[{"embeddable":true,"href":"https:\/\/www.tecnosonda.com.br\/es\/wp-json\/wp\/v2\/comments?post=262"}],"version-history":[{"count":56,"href":"https:\/\/www.tecnosonda.com.br\/es\/wp-json\/wp\/v2\/pages\/262\/revisions"}],"predecessor-version":[{"id":1554,"href":"https:\/\/www.tecnosonda.com.br\/es\/wp-json\/wp\/v2\/pages\/262\/revisions\/1554"}],"wp:featuredmedia":[{"embeddable":true,"href":"https:\/\/www.tecnosonda.com.br\/es\/wp-json\/wp\/v2\/media\/60"}],"wp:attachment":[{"href":"https:\/\/www.tecnosonda.com.br\/es\/wp-json\/wp\/v2\/media?parent=262"}],"wp:term":[{"taxonomy":"category","embeddable":true,"href":"https:\/\/www.tecnosonda.com.br\/es\/wp-json\/wp\/v2\/categories?post=262"},{"taxonomy":"post_tag","embeddable":true,"href":"https:\/\/www.tecnosonda.com.br\/es\/wp-json\/wp\/v2\/tags?post=262"}],"curies":[{"name":"wp","href":"https:\/\/api.w.org\/{rel}","templated":true}]}}