{"id":252,"date":"2020-05-05T15:40:06","date_gmt":"2020-05-05T18:40:06","guid":{"rendered":"https:\/\/www.tecnosonda.com.br\/?page_id=252"},"modified":"2023-06-20T14:26:26","modified_gmt":"2023-06-20T17:26:26","slug":"sobre-nos","status":"publish","type":"page","link":"https:\/\/www.tecnosonda.com.br\/es\/a-empresa\/sobre-nos\/","title":{"rendered":"Sobre Nosotros"},"content":{"rendered":"<p>TECNOSONDA es una empresa de ingenier\u00eda fundada en 1968 que opera en las \u00e1reas de geotecnia, fundaciones, construcci\u00f3n civil, montaje electromec\u00e1nico y mantenimiento industrial. Con bases operativas en R\u00edo de Janeiro y Salvador, ofrece soluciones integradas en todo el pa\u00eds.<\/p>\r\n<p>Conocida por ser una empresa especializada y reconocida en el campo de Fundaciones y Geotecnia, TECNOSONDA expandi\u00f3 su cartera de servicios al \u00e1rea de Construcci\u00f3n Industrial en 1998. Con m\u00e1s de 50 a\u00f1os de existencia, TECNOSONDA se dio cuenta de que el mercado demandaba proveedores con alta capacidad de gesti\u00f3n para realizar un conjunto de servicios necesarios para la entrega del producto final al cliente. Esta demanda exig\u00eda que TECNOSONDA se convirtiera en una empresa capaz de celebrar contratos EPC llave en mano.<\/p>\r\n<p>TECNOSONDA consolid\u00f3 una posici\u00f3n destacada en el sector de la ingenier\u00eda, realizando trabajos de gran relevancia. Siempre siguiendo los cambios tecnol\u00f3gicos que tienen lugar en sus \u00e1reas de operaci\u00f3n, la compa\u00f1\u00eda invierte efectivamente en la calificaci\u00f3n profesional de sus empleados y en recursos tecnol\u00f3gicos. La empresa logra un alto grado de eficiencia en su trabajo y se encuentra entre quienes superan los desaf\u00edos con innovaci\u00f3n y competencia.<\/p>\r\n<p>En sus actividades, TECNOSONDA siempre ha demostrado una alta capacidad t\u00e9cnica y productiva, habiendo logrado el reconocimiento entre la comunidad empresarial, siendo visto hoy como un punto de referencia y calidad del sector. A partir de la alineaci\u00f3n de los esfuerzos de sus empleados para lograr los objetivos establecidos y maximizar el rendimiento, TECNOSONDA ha construido su reputaci\u00f3n y una imagen s\u00f3lida en el mercado nacional.<\/p>\r\n<p>TECNOSONDA posee los certificados ISO 9001, ISO 14001 y OHSAS 18001, como resultado del reconocimiento de su excelencia en los servicios prestados en varios sectores de ingenier\u00eda.<\/p>\r\n\r\n<p>&nbsp;<\/p>\r\n\r\n<p>&nbsp;<\/p>\r\n\r\n<p><strong>NUESTRA MISI\u00d3N<\/strong> <br \/>Brindar soluciones integradas para ingenier\u00eda, construcci\u00f3n, montaje y mantenimiento industrial, con un enfoque en la calidad, seguridad, rentabilidad y resultados de sostenibilidad, brindando beneficios a sus clientes, empleados y accionistas.<\/p>\r\n\r\n<p>&nbsp;<\/p>\r\n\r\n<p><strong>NUESTRA VISI\u00d3N<\/strong><br \/>Ser reconocida como una empresa de ingenier\u00eda en los servicios especializados de edificaci\u00f3n civil industrial, cimentaci\u00f3n y geotecnia, infraestructura, montaje electromec\u00e1nico y mantenimiento industrial, con enfoque en seguridad, medio ambiente, altos est\u00e1ndares de calidad, sustentabilidad y respeto a la diversidad.<\/p>\r\n\r\n<p>&nbsp;<\/p>\r\n\r\n<p><strong>NUESTROS VALORES<\/strong><br \/>\u2022 Integridad y credibilidad<br \/>\u2022 Desarrollo y sostenibilidad.<br \/>\u2022 Seguridad, salud y calidad de vida.<br \/>\u2022 Compromiso con el cliente.<br \/>\u2022 Excelencia operacional<br \/>\u2022 Centrarse en los resultados.<\/p>","protected":false},"excerpt":{"rendered":"<p>TECNOSONDA es una empresa de ingenier\u00eda fundada en 1968 que opera en las \u00e1reas de geotecnia, fundaciones, construcci\u00f3n civil, montaje electromec\u00e1nico y mantenimiento industrial. Con bases operativas en R\u00edo de Janeiro y Salvador, ofrece soluciones integradas en todo el pa\u00eds. Conocida por ser una empresa especializada y reconocida en el campo de Fundaciones y Geotecnia, [&hellip;]<\/p>\n","protected":false},"author":1,"featured_media":60,"parent":250,"menu_order":0,"comment_status":"closed","ping_status":"closed","template":"modelo-content-corrido.php","meta":{"footnotes":""},"categories":[],"tags":[],"class_list":["post-252","page","type-page","status-publish","has-post-thumbnail","hentry"],"_links":{"self":[{"href":"https:\/\/www.tecnosonda.com.br\/es\/wp-json\/wp\/v2\/pages\/252","targetHints":{"allow":["GET"]}}],"collection":[{"href":"https:\/\/www.tecnosonda.com.br\/es\/wp-json\/wp\/v2\/pages"}],"about":[{"href":"https:\/\/www.tecnosonda.com.br\/es\/wp-json\/wp\/v2\/types\/page"}],"author":[{"embeddable":true,"href":"https:\/\/www.tecnosonda.com.br\/es\/wp-json\/wp\/v2\/users\/1"}],"replies":[{"embeddable":true,"href":"https:\/\/www.tecnosonda.com.br\/es\/wp-json\/wp\/v2\/comments?post=252"}],"version-history":[{"count":27,"href":"https:\/\/www.tecnosonda.com.br\/es\/wp-json\/wp\/v2\/pages\/252\/revisions"}],"predecessor-version":[{"id":1781,"href":"https:\/\/www.tecnosonda.com.br\/es\/wp-json\/wp\/v2\/pages\/252\/revisions\/1781"}],"up":[{"embeddable":true,"href":"https:\/\/www.tecnosonda.com.br\/es\/wp-json\/wp\/v2\/pages\/250"}],"wp:featuredmedia":[{"embeddable":true,"href":"https:\/\/www.tecnosonda.com.br\/es\/wp-json\/wp\/v2\/media\/60"}],"wp:attachment":[{"href":"https:\/\/www.tecnosonda.com.br\/es\/wp-json\/wp\/v2\/media?parent=252"}],"wp:term":[{"taxonomy":"category","embeddable":true,"href":"https:\/\/www.tecnosonda.com.br\/es\/wp-json\/wp\/v2\/categories?post=252"},{"taxonomy":"post_tag","embeddable":true,"href":"https:\/\/www.tecnosonda.com.br\/es\/wp-json\/wp\/v2\/tags?post=252"}],"curies":[{"name":"wp","href":"https:\/\/api.w.org\/{rel}","templated":true}]}}