{"id":211,"date":"2020-05-02T16:40:26","date_gmt":"2020-05-02T19:40:26","guid":{"rendered":"https:\/\/www.tecnosonda.com.br\/?page_id=211"},"modified":"2020-08-31T16:31:56","modified_gmt":"2020-08-31T19:31:56","slug":"recuperacao-e-reforco-de-estruturas","status":"publish","type":"page","link":"https:\/\/www.tecnosonda.com.br\/es\/construcao-civil\/recuperacao-e-reforco-de-estruturas\/","title":{"rendered":"Recuperaci\u00f3n y Refuerzo de Estructuras"},"content":{"rendered":"<p>Los servicios de restauraci\u00f3n y refuerzo de estructuras est\u00e1n destinados a guiar el conjunto de t\u00e9cnicas adoptadas para prolongar la vida \u00fatil de una construcci\u00f3n.<\/p>\r\n<p>El proceso de recuperaci\u00f3n de una estructura tiene como objetivo restaurar el uso y la seguridad de un edificio da\u00f1ado, permitiendo su reutilizaci\u00f3n.<\/p>\r\n<p>Los procedimientos para llevar a cabo el refuerzo se caracterizan por intervenciones cuyo objetivo es aumentar la capacidad de resistencia de una estructura antes de que alcance su estado l\u00edmite. Los materiales utilizados en este proceso dependen de varios factores, como el tipo de problema encontrado y la limitaci\u00f3n del presupuesto del cliente, para obtener el mejor beneficio de costo.<\/p>","protected":false},"excerpt":{"rendered":"<p>Los servicios de restauraci\u00f3n y refuerzo de estructuras est\u00e1n destinados a guiar el conjunto de t\u00e9cnicas adoptadas para prolongar la vida \u00fatil de una construcci\u00f3n. El proceso de recuperaci\u00f3n de una estructura tiene como objetivo restaurar el uso y la seguridad de un edificio da\u00f1ado, permitiendo su reutilizaci\u00f3n. Los procedimientos para llevar a cabo el [&hellip;]<\/p>\n","protected":false},"author":1,"featured_media":196,"parent":192,"menu_order":0,"comment_status":"closed","ping_status":"closed","template":"modelo-interno-servicos.php","meta":{"footnotes":""},"categories":[26],"tags":[],"class_list":["post-211","page","type-page","status-publish","has-post-thumbnail","hentry","category-obrasrecuperacaoreforcoestruturas"],"_links":{"self":[{"href":"https:\/\/www.tecnosonda.com.br\/es\/wp-json\/wp\/v2\/pages\/211","targetHints":{"allow":["GET"]}}],"collection":[{"href":"https:\/\/www.tecnosonda.com.br\/es\/wp-json\/wp\/v2\/pages"}],"about":[{"href":"https:\/\/www.tecnosonda.com.br\/es\/wp-json\/wp\/v2\/types\/page"}],"author":[{"embeddable":true,"href":"https:\/\/www.tecnosonda.com.br\/es\/wp-json\/wp\/v2\/users\/1"}],"replies":[{"embeddable":true,"href":"https:\/\/www.tecnosonda.com.br\/es\/wp-json\/wp\/v2\/comments?post=211"}],"version-history":[{"count":9,"href":"https:\/\/www.tecnosonda.com.br\/es\/wp-json\/wp\/v2\/pages\/211\/revisions"}],"predecessor-version":[{"id":1565,"href":"https:\/\/www.tecnosonda.com.br\/es\/wp-json\/wp\/v2\/pages\/211\/revisions\/1565"}],"up":[{"embeddable":true,"href":"https:\/\/www.tecnosonda.com.br\/es\/wp-json\/wp\/v2\/pages\/192"}],"wp:featuredmedia":[{"embeddable":true,"href":"https:\/\/www.tecnosonda.com.br\/es\/wp-json\/wp\/v2\/media\/196"}],"wp:attachment":[{"href":"https:\/\/www.tecnosonda.com.br\/es\/wp-json\/wp\/v2\/media?parent=211"}],"wp:term":[{"taxonomy":"category","embeddable":true,"href":"https:\/\/www.tecnosonda.com.br\/es\/wp-json\/wp\/v2\/categories?post=211"},{"taxonomy":"post_tag","embeddable":true,"href":"https:\/\/www.tecnosonda.com.br\/es\/wp-json\/wp\/v2\/tags?post=211"}],"curies":[{"name":"wp","href":"https:\/\/api.w.org\/{rel}","templated":true}]}}