{"id":208,"date":"2020-05-02T16:37:21","date_gmt":"2020-05-02T19:37:21","guid":{"rendered":"https:\/\/www.tecnosonda.com.br\/?page_id=208"},"modified":"2020-08-31T16:31:06","modified_gmt":"2020-08-31T19:31:06","slug":"drenagens","status":"publish","type":"page","link":"https:\/\/www.tecnosonda.com.br\/es\/construcao-civil\/drenagens\/","title":{"rendered":"Desag\u00fces"},"content":{"rendered":"<p>Las obras de drenaje tienen el prop\u00f3sito de drenar las aguas, a trav\u00e9s de tubos, canales, zanjas y zanjas, y pueden ser asistidas por bombas y motores. Los sistemas de drenaje se pueden construir en \u00e1reas rurales, urbanas o industriales, con el objetivo de canalizar el agua de lluvia, evitar inundaciones y aumentar la seguridad en las obras.<\/p>\r\n<p>El drenaje urbano, casi siempre tratado como un servicio complementario, estaba restringido a redes y recolectores de agua de lluvia, a\u00fan sin la articulaci\u00f3n necesaria con la din\u00e1mica urbana del uso y la ocupaci\u00f3n del suelo. De todos los componentes del sector de saneamiento, los servicios de drenaje y gesti\u00f3n de aguas pluviales urbanas son los que tienen la mayor falta de pol\u00edticas y organizaci\u00f3n. La urbanizaci\u00f3n acelerada y ca\u00f3tica, con una falta de disciplina en el uso y la ocupaci\u00f3n del suelo, y una falta de inversiones en el drenaje del agua de lluvia, ha resultado en un aumento de las inundaciones en los centros urbanos.<\/p>\r\n<p>Tecnosonda ejecuta varias soluciones de drenaje, desde el uso de canales y rejillas, hasta sistemas de drenaje subterr\u00e1neo, presentando soluciones t\u00e9cnicas adecuadas para cada tipo de situaci\u00f3n.<\/p>","protected":false},"excerpt":{"rendered":"<p>Las obras de drenaje tienen el prop\u00f3sito de drenar las aguas, a trav\u00e9s de tubos, canales, zanjas y zanjas, y pueden ser asistidas por bombas y motores. Los sistemas de drenaje se pueden construir en \u00e1reas rurales, urbanas o industriales, con el objetivo de canalizar el agua de lluvia, evitar inundaciones y aumentar la seguridad [&hellip;]<\/p>\n","protected":false},"author":1,"featured_media":196,"parent":192,"menu_order":0,"comment_status":"closed","ping_status":"closed","template":"modelo-interno-servicos.php","meta":{"footnotes":""},"categories":[25],"tags":[],"class_list":["post-208","page","type-page","status-publish","has-post-thumbnail","hentry","category-obrasdrenagens"],"_links":{"self":[{"href":"https:\/\/www.tecnosonda.com.br\/es\/wp-json\/wp\/v2\/pages\/208","targetHints":{"allow":["GET"]}}],"collection":[{"href":"https:\/\/www.tecnosonda.com.br\/es\/wp-json\/wp\/v2\/pages"}],"about":[{"href":"https:\/\/www.tecnosonda.com.br\/es\/wp-json\/wp\/v2\/types\/page"}],"author":[{"embeddable":true,"href":"https:\/\/www.tecnosonda.com.br\/es\/wp-json\/wp\/v2\/users\/1"}],"replies":[{"embeddable":true,"href":"https:\/\/www.tecnosonda.com.br\/es\/wp-json\/wp\/v2\/comments?post=208"}],"version-history":[{"count":7,"href":"https:\/\/www.tecnosonda.com.br\/es\/wp-json\/wp\/v2\/pages\/208\/revisions"}],"predecessor-version":[{"id":1564,"href":"https:\/\/www.tecnosonda.com.br\/es\/wp-json\/wp\/v2\/pages\/208\/revisions\/1564"}],"up":[{"embeddable":true,"href":"https:\/\/www.tecnosonda.com.br\/es\/wp-json\/wp\/v2\/pages\/192"}],"wp:featuredmedia":[{"embeddable":true,"href":"https:\/\/www.tecnosonda.com.br\/es\/wp-json\/wp\/v2\/media\/196"}],"wp:attachment":[{"href":"https:\/\/www.tecnosonda.com.br\/es\/wp-json\/wp\/v2\/media?parent=208"}],"wp:term":[{"taxonomy":"category","embeddable":true,"href":"https:\/\/www.tecnosonda.com.br\/es\/wp-json\/wp\/v2\/categories?post=208"},{"taxonomy":"post_tag","embeddable":true,"href":"https:\/\/www.tecnosonda.com.br\/es\/wp-json\/wp\/v2\/tags?post=208"}],"curies":[{"name":"wp","href":"https:\/\/api.w.org\/{rel}","templated":true}]}}