{"id":203,"date":"2020-05-02T16:23:00","date_gmt":"2020-05-02T19:23:00","guid":{"rendered":"https:\/\/www.tecnosonda.com.br\/?page_id=203"},"modified":"2020-08-31T16:30:24","modified_gmt":"2020-08-31T19:30:24","slug":"pavimentacoes","status":"publish","type":"page","link":"https:\/\/www.tecnosonda.com.br\/es\/construcao-civil\/pavimentacoes\/","title":{"rendered":"Pavimentaci\u00f3n"},"content":{"rendered":"<p>The paving services consist in the execution of a coating, which brings an operational improvement to the traffic, as a more regular surface is created. Paving a road for vehicles is a civil work that creates a more adherent surface, providing more safety in wet conditions. A technical pavement brings a less noisy surface due to the dynamic action of the tires, ensuring better environmental comfort on urban roads. Before the paving starts, it is necessary to analyze the subgrade materials for dimensioning the pavement and guiding the initial stages of construction.<\/p>\r\n<p>Another important aspect is the analysis of the nearby deposits with the purpose of using its soil in the construction of the layers, when layers with granulometric stabilization are required.<\/p>\r\n\r\n<p>&nbsp;<\/p>\r\n\r\n<p>&nbsp;<\/p>\r\n\r\n<p>&nbsp;<\/p>\r\n\r\n<p>Los servicios de pavimentaci\u00f3n consisten en la ejecuci\u00f3n de un recubrimiento que brinda una mejora operativa al tr\u00e1fico, a medida que se crea una superficie m\u00e1s regular. pista h\u00fameda o mojada. Un pavimento t\u00e9cnico aporta una superficie menos ruidosa debido a la acci\u00f3n din\u00e1mica de los neum\u00e1ticos, lo que garantiza un mejor confort medioambiental en carreteras urbanas urbanas.<\/p>\r\n<p>Antes de llevar a cabo los servicios de pavimentaci\u00f3n, es necesario inspeccionar los materiales de la subrasante con el fin de dimensionar el pavimento y guiar las etapas iniciales de construcci\u00f3n.<\/p>\r\n<p>Otro aspecto importante es el estudio de los dep\u00f3sitos cercanos con el fin de utilizar el suelo en la construcci\u00f3n de las capas cuando se prev\u00e9n las capas con estabilizaci\u00f3n granulom\u00e9trica de los suelos.<\/p>\r\n<p>&nbsp;<\/p>\r\n\r\n<p>&nbsp;<\/p>\r\n<!-- \/wp:paragraph --><!-- wp:post-content --><!-- wp:paragraph -->\r\n<p>Los servicios de pavimentaci\u00f3n consisten en la ejecuci\u00f3n de un recubrimiento que brinda una mejora operativa al tr\u00e1fico, a medida que se crea una superficie m\u00e1s regular. pista h\u00fameda o mojada. Un pavimento t\u00e9cnico aporta una superficie menos ruidosa debido a la acci\u00f3n din\u00e1mica de los neum\u00e1ticos, lo que garantiza un mejor confort medioambiental en carreteras urbanas urbanas.<\/p>\r\n<p>Antes de llevar a cabo los servicios de pavimentaci\u00f3n, es necesario inspeccionar los materiales de la subrasante con el fin de dimensionar el pavimento y guiar las etapas iniciales de construcci\u00f3n.<\/p>\r\n<p>Otro aspecto importante es el estudio de los dep\u00f3sitos cercanos con el fin de utilizar el suelo en la construcci\u00f3n de las capas cuando se prev\u00e9n las capas con estabilizaci\u00f3n granulom\u00e9trica de los suelos.<\/p>\r\n<p>&nbsp;<\/p>\r\n<!-- wp:paragraph -->\r\n<p>&nbsp;<\/p>\r\n<!-- \/wp:paragraph --><!-- \/wp:post-content -->","protected":false},"excerpt":{"rendered":"<p>Los servicios de pavimentaci\u00f3n consisten en la ejecuci\u00f3n de un recubrimiento que brinda una mejora operativa al tr\u00e1fico, a medida que se crea una superficie m\u00e1s regular. pista h\u00fameda o mojada. Un pavimento t\u00e9cnico aporta una superficie menos ruidosa debido a la acci\u00f3n din\u00e1mica de los neum\u00e1ticos, lo que garantiza un mejor confort medioambiental en [&hellip;]<\/p>\n","protected":false},"author":1,"featured_media":196,"parent":192,"menu_order":0,"comment_status":"closed","ping_status":"closed","template":"modelo-interno-servicos.php","meta":{"footnotes":""},"categories":[24],"tags":[],"class_list":["post-203","page","type-page","status-publish","has-post-thumbnail","hentry","category-obraspavimentacoes"],"_links":{"self":[{"href":"https:\/\/www.tecnosonda.com.br\/es\/wp-json\/wp\/v2\/pages\/203","targetHints":{"allow":["GET"]}}],"collection":[{"href":"https:\/\/www.tecnosonda.com.br\/es\/wp-json\/wp\/v2\/pages"}],"about":[{"href":"https:\/\/www.tecnosonda.com.br\/es\/wp-json\/wp\/v2\/types\/page"}],"author":[{"embeddable":true,"href":"https:\/\/www.tecnosonda.com.br\/es\/wp-json\/wp\/v2\/users\/1"}],"replies":[{"embeddable":true,"href":"https:\/\/www.tecnosonda.com.br\/es\/wp-json\/wp\/v2\/comments?post=203"}],"version-history":[{"count":9,"href":"https:\/\/www.tecnosonda.com.br\/es\/wp-json\/wp\/v2\/pages\/203\/revisions"}],"predecessor-version":[{"id":1563,"href":"https:\/\/www.tecnosonda.com.br\/es\/wp-json\/wp\/v2\/pages\/203\/revisions\/1563"}],"up":[{"embeddable":true,"href":"https:\/\/www.tecnosonda.com.br\/es\/wp-json\/wp\/v2\/pages\/192"}],"wp:featuredmedia":[{"embeddable":true,"href":"https:\/\/www.tecnosonda.com.br\/es\/wp-json\/wp\/v2\/media\/196"}],"wp:attachment":[{"href":"https:\/\/www.tecnosonda.com.br\/es\/wp-json\/wp\/v2\/media?parent=203"}],"wp:term":[{"taxonomy":"category","embeddable":true,"href":"https:\/\/www.tecnosonda.com.br\/es\/wp-json\/wp\/v2\/categories?post=203"},{"taxonomy":"post_tag","embeddable":true,"href":"https:\/\/www.tecnosonda.com.br\/es\/wp-json\/wp\/v2\/tags?post=203"}],"curies":[{"name":"wp","href":"https:\/\/api.w.org\/{rel}","templated":true}]}}