{"id":200,"date":"2020-05-02T16:20:53","date_gmt":"2020-05-02T19:20:53","guid":{"rendered":"https:\/\/www.tecnosonda.com.br\/?page_id=200"},"modified":"2020-08-31T16:28:33","modified_gmt":"2020-08-31T19:28:33","slug":"obras-para-a-area-industrial","status":"publish","type":"page","link":"https:\/\/www.tecnosonda.com.br\/es\/construcao-civil\/obras-para-a-area-industrial\/","title":{"rendered":"Obras para el \u00c1rea Industrial"},"content":{"rendered":"<p>Con su probada experiencia en \u00e1reas industriales, Tecnosonda ha trabajado durante d\u00e9cadas en contratos de mantenimiento en grandes obras civiles en \u00e1reas industriales.<\/p>\r\n<p><br \/>Tecnosonda opera de manera planificada, con plazos definidos y estrictos est\u00e1ndares de seguridad. El resultado directo de esta gesti\u00f3n es que una unidad industrial tiene sus operaciones preservadas siempre que sea posible, durante la ejecuci\u00f3n de servicios correctivos de construcci\u00f3n civil en plantas industriales.<\/p>\r\n<p><br \/>Tecnosonda ofrece soluciones innovadoras en gesti\u00f3n de contratos, equipos multidisciplinarios con amplia experiencia y compromiso con la innovaci\u00f3n. Por lo tanto, trabajamos en estrecha colaboraci\u00f3n con el cliente, para implementar proyectos de obras industriales, con el objetivo de obtener el mejor resultado, en el menor tiempo y costo.<\/p>","protected":false},"excerpt":{"rendered":"<p>Con su probada experiencia en \u00e1reas industriales, Tecnosonda ha trabajado durante d\u00e9cadas en contratos de mantenimiento en grandes obras civiles en \u00e1reas industriales. Tecnosonda opera de manera planificada, con plazos definidos y estrictos est\u00e1ndares de seguridad. El resultado directo de esta gesti\u00f3n es que una unidad industrial tiene sus operaciones preservadas siempre que sea posible, [&hellip;]<\/p>\n","protected":false},"author":1,"featured_media":196,"parent":192,"menu_order":0,"comment_status":"closed","ping_status":"closed","template":"modelo-interno-servicos.php","meta":{"footnotes":""},"categories":[23],"tags":[],"class_list":["post-200","page","type-page","status-publish","has-post-thumbnail","hentry","category-obrasareaindustrial"],"_links":{"self":[{"href":"https:\/\/www.tecnosonda.com.br\/es\/wp-json\/wp\/v2\/pages\/200","targetHints":{"allow":["GET"]}}],"collection":[{"href":"https:\/\/www.tecnosonda.com.br\/es\/wp-json\/wp\/v2\/pages"}],"about":[{"href":"https:\/\/www.tecnosonda.com.br\/es\/wp-json\/wp\/v2\/types\/page"}],"author":[{"embeddable":true,"href":"https:\/\/www.tecnosonda.com.br\/es\/wp-json\/wp\/v2\/users\/1"}],"replies":[{"embeddable":true,"href":"https:\/\/www.tecnosonda.com.br\/es\/wp-json\/wp\/v2\/comments?post=200"}],"version-history":[{"count":8,"href":"https:\/\/www.tecnosonda.com.br\/es\/wp-json\/wp\/v2\/pages\/200\/revisions"}],"predecessor-version":[{"id":1562,"href":"https:\/\/www.tecnosonda.com.br\/es\/wp-json\/wp\/v2\/pages\/200\/revisions\/1562"}],"up":[{"embeddable":true,"href":"https:\/\/www.tecnosonda.com.br\/es\/wp-json\/wp\/v2\/pages\/192"}],"wp:featuredmedia":[{"embeddable":true,"href":"https:\/\/www.tecnosonda.com.br\/es\/wp-json\/wp\/v2\/media\/196"}],"wp:attachment":[{"href":"https:\/\/www.tecnosonda.com.br\/es\/wp-json\/wp\/v2\/media?parent=200"}],"wp:term":[{"taxonomy":"category","embeddable":true,"href":"https:\/\/www.tecnosonda.com.br\/es\/wp-json\/wp\/v2\/categories?post=200"},{"taxonomy":"post_tag","embeddable":true,"href":"https:\/\/www.tecnosonda.com.br\/es\/wp-json\/wp\/v2\/tags?post=200"}],"curies":[{"name":"wp","href":"https:\/\/api.w.org\/{rel}","templated":true}]}}