{"id":194,"date":"2020-05-02T16:13:23","date_gmt":"2020-05-02T19:13:23","guid":{"rendered":"https:\/\/www.tecnosonda.com.br\/?page_id=194"},"modified":"2020-08-31T16:17:18","modified_gmt":"2020-08-31T19:17:18","slug":"edificacoes","status":"publish","type":"page","link":"https:\/\/www.tecnosonda.com.br\/es\/construcao-civil\/edificacoes\/","title":{"rendered":"Edificaciones"},"content":{"rendered":"<p>TECNOSONDA ejecuta trabajos de construcci\u00f3n en \u00e1reas industriales utilizando t\u00e9cnicas innovadoras con alto rendimiento productivo y cumplimiento completo de los est\u00e1ndares de ingenier\u00eda brasile\u00f1os.<\/p>\r\n<p>A trav\u00e9s de un an\u00e1lisis cuidadoso de los proyectos, se identifican las metodolog\u00edas ejecutivas apropiadas para las diferentes etapas del trabajo.<\/p>\r\n<p><br \/>El gran desaf\u00edo es mejorar el proceso de gesti\u00f3n de obras mediante la integraci\u00f3n con el equipo de producci\u00f3n para tener una planificaci\u00f3n cuidadosa y establecer una relaci\u00f3n entre el costo, el tiempo y la calidad del trabajo.<\/p>\r\n<p><br \/>Con un enfoque en el cliente, Tecnosonda busca metas desafiantes mutuamente acordadas, entendiendo las necesidades del proyecto, ofreciendo as\u00ed servicios que satisfagan las expectativas.<\/p>\r\n<p><br \/>A trav\u00e9s del Sistema de Gesti\u00f3n Integrado, Tecnosonda est\u00e1 certificada para realizar servicios de construcci\u00f3n de acuerdo con las normas internacionales ISO 9001 e ISO 14001.<\/p>\r\n\r\n<p>&nbsp;<\/p>\r\n\r\n<p>&nbsp;<\/p>\r\n\r\n<p>&nbsp;<\/p>\r\n\r\n<p>&nbsp;<\/p>","protected":false},"excerpt":{"rendered":"<p>TECNOSONDA ejecuta trabajos de construcci\u00f3n en \u00e1reas industriales utilizando t\u00e9cnicas innovadoras con alto rendimiento productivo y cumplimiento completo de los est\u00e1ndares de ingenier\u00eda brasile\u00f1os. A trav\u00e9s de un an\u00e1lisis cuidadoso de los proyectos, se identifican las metodolog\u00edas ejecutivas apropiadas para las diferentes etapas del trabajo. El gran desaf\u00edo es mejorar el proceso de gesti\u00f3n de [&hellip;]<\/p>\n","protected":false},"author":1,"featured_media":196,"parent":192,"menu_order":0,"comment_status":"closed","ping_status":"closed","template":"modelo-interno-servicos.php","meta":{"footnotes":""},"categories":[22],"tags":[],"class_list":["post-194","page","type-page","status-publish","has-post-thumbnail","hentry","category-obrasedificacoes"],"_links":{"self":[{"href":"https:\/\/www.tecnosonda.com.br\/es\/wp-json\/wp\/v2\/pages\/194","targetHints":{"allow":["GET"]}}],"collection":[{"href":"https:\/\/www.tecnosonda.com.br\/es\/wp-json\/wp\/v2\/pages"}],"about":[{"href":"https:\/\/www.tecnosonda.com.br\/es\/wp-json\/wp\/v2\/types\/page"}],"author":[{"embeddable":true,"href":"https:\/\/www.tecnosonda.com.br\/es\/wp-json\/wp\/v2\/users\/1"}],"replies":[{"embeddable":true,"href":"https:\/\/www.tecnosonda.com.br\/es\/wp-json\/wp\/v2\/comments?post=194"}],"version-history":[{"count":9,"href":"https:\/\/www.tecnosonda.com.br\/es\/wp-json\/wp\/v2\/pages\/194\/revisions"}],"predecessor-version":[{"id":1559,"href":"https:\/\/www.tecnosonda.com.br\/es\/wp-json\/wp\/v2\/pages\/194\/revisions\/1559"}],"up":[{"embeddable":true,"href":"https:\/\/www.tecnosonda.com.br\/es\/wp-json\/wp\/v2\/pages\/192"}],"wp:featuredmedia":[{"embeddable":true,"href":"https:\/\/www.tecnosonda.com.br\/es\/wp-json\/wp\/v2\/media\/196"}],"wp:attachment":[{"href":"https:\/\/www.tecnosonda.com.br\/es\/wp-json\/wp\/v2\/media?parent=194"}],"wp:term":[{"taxonomy":"category","embeddable":true,"href":"https:\/\/www.tecnosonda.com.br\/es\/wp-json\/wp\/v2\/categories?post=194"},{"taxonomy":"post_tag","embeddable":true,"href":"https:\/\/www.tecnosonda.com.br\/es\/wp-json\/wp\/v2\/tags?post=194"}],"curies":[{"name":"wp","href":"https:\/\/api.w.org\/{rel}","templated":true}]}}