{"id":189,"date":"2020-05-02T16:10:45","date_gmt":"2020-05-02T19:10:45","guid":{"rendered":"https:\/\/www.tecnosonda.com.br\/?page_id=189"},"modified":"2020-08-31T16:37:02","modified_gmt":"2020-08-31T19:37:02","slug":"instalacoes-eletricas","status":"publish","type":"page","link":"https:\/\/www.tecnosonda.com.br\/es\/eletromecanica\/instalacoes-eletricas\/","title":{"rendered":"Instalaciones El\u00e9ctricas"},"content":{"rendered":"<p>Tecnosonda presenta una gran diversidad de servicios realizados en las disciplinas de instrumentaci\u00f3n el\u00e9ctrica e industrial, incluida la interfaz con sistemas de automatizaci\u00f3n de procesos.<\/p>\r\n<p>Parte de nuestro alcance es la ejecuci\u00f3n de montaje y mantenimiento industrial, puesta en marcha, adaptaci\u00f3n de las instalaciones a NR-10, paradas de mantenimiento, ensambles CCMS, paneles, transformadores, motores, banco de condensadores, sistemas de iluminaci\u00f3n, acondicionamiento de cajones, sistemas puesta a tierra y SPDA, calibraci\u00f3n de instrumentos y v\u00e1lvulas, ensamblaje de instrumentaci\u00f3n, v\u00e1lvulas, prueba de bucle.<\/p>","protected":false},"excerpt":{"rendered":"<p>Tecnosonda presenta una gran diversidad de servicios realizados en las disciplinas de instrumentaci\u00f3n el\u00e9ctrica e industrial, incluida la interfaz con sistemas de automatizaci\u00f3n de procesos. Parte de nuestro alcance es la ejecuci\u00f3n de montaje y mantenimiento industrial, puesta en marcha, adaptaci\u00f3n de las instalaciones a NR-10, paradas de mantenimiento, ensambles CCMS, paneles, transformadores, motores, banco [&hellip;]<\/p>\n","protected":false},"author":1,"featured_media":178,"parent":174,"menu_order":0,"comment_status":"closed","ping_status":"closed","template":"modelo-interno-servicos.php","meta":{"footnotes":""},"categories":[21],"tags":[],"class_list":["post-189","page","type-page","status-publish","has-post-thumbnail","hentry","category-obrasinstalacoeseletricas"],"_links":{"self":[{"href":"https:\/\/www.tecnosonda.com.br\/es\/wp-json\/wp\/v2\/pages\/189","targetHints":{"allow":["GET"]}}],"collection":[{"href":"https:\/\/www.tecnosonda.com.br\/es\/wp-json\/wp\/v2\/pages"}],"about":[{"href":"https:\/\/www.tecnosonda.com.br\/es\/wp-json\/wp\/v2\/types\/page"}],"author":[{"embeddable":true,"href":"https:\/\/www.tecnosonda.com.br\/es\/wp-json\/wp\/v2\/users\/1"}],"replies":[{"embeddable":true,"href":"https:\/\/www.tecnosonda.com.br\/es\/wp-json\/wp\/v2\/comments?post=189"}],"version-history":[{"count":6,"href":"https:\/\/www.tecnosonda.com.br\/es\/wp-json\/wp\/v2\/pages\/189\/revisions"}],"predecessor-version":[{"id":1570,"href":"https:\/\/www.tecnosonda.com.br\/es\/wp-json\/wp\/v2\/pages\/189\/revisions\/1570"}],"up":[{"embeddable":true,"href":"https:\/\/www.tecnosonda.com.br\/es\/wp-json\/wp\/v2\/pages\/174"}],"wp:featuredmedia":[{"embeddable":true,"href":"https:\/\/www.tecnosonda.com.br\/es\/wp-json\/wp\/v2\/media\/178"}],"wp:attachment":[{"href":"https:\/\/www.tecnosonda.com.br\/es\/wp-json\/wp\/v2\/media?parent=189"}],"wp:term":[{"taxonomy":"category","embeddable":true,"href":"https:\/\/www.tecnosonda.com.br\/es\/wp-json\/wp\/v2\/categories?post=189"},{"taxonomy":"post_tag","embeddable":true,"href":"https:\/\/www.tecnosonda.com.br\/es\/wp-json\/wp\/v2\/tags?post=189"}],"curies":[{"name":"wp","href":"https:\/\/api.w.org\/{rel}","templated":true}]}}