{"id":186,"date":"2020-05-02T16:07:55","date_gmt":"2020-05-02T19:07:55","guid":{"rendered":"https:\/\/www.tecnosonda.com.br\/?page_id=186"},"modified":"2020-08-31T16:35:37","modified_gmt":"2020-08-31T19:35:37","slug":"instalacoes-mecanicas","status":"publish","type":"page","link":"https:\/\/www.tecnosonda.com.br\/es\/eletromecanica\/instalacoes-mecanicas\/","title":{"rendered":"Instalaciones Mec\u00e1nicas"},"content":{"rendered":"<p>Tecnosonda realiza servicios de instalaciones en los siguientes equipos industriales: convertidores, calderas, reactores, hornos, torres, recipientes, tanques, esferas e intercambiadores. Los servicios prestados por la empresa incluyen: mantenimiento de tuber\u00edas, pintura y aislamiento t\u00e9rmico, estructuras met\u00e1licas, instrumentaci\u00f3n y soldadura.<\/p>","protected":false},"excerpt":{"rendered":"<p>Tecnosonda realiza servicios de instalaciones en los siguientes equipos industriales: convertidores, calderas, reactores, hornos, torres, recipientes, tanques, esferas e intercambiadores. Los servicios prestados por la empresa incluyen: mantenimiento de tuber\u00edas, pintura y aislamiento t\u00e9rmico, estructuras met\u00e1licas, instrumentaci\u00f3n y soldadura.<\/p>\n","protected":false},"author":1,"featured_media":178,"parent":174,"menu_order":0,"comment_status":"closed","ping_status":"closed","template":"modelo-interno-servicos.php","meta":{"footnotes":""},"categories":[20],"tags":[],"class_list":["post-186","page","type-page","status-publish","has-post-thumbnail","hentry","category-obrasinstalacoesmecanicas"],"_links":{"self":[{"href":"https:\/\/www.tecnosonda.com.br\/es\/wp-json\/wp\/v2\/pages\/186","targetHints":{"allow":["GET"]}}],"collection":[{"href":"https:\/\/www.tecnosonda.com.br\/es\/wp-json\/wp\/v2\/pages"}],"about":[{"href":"https:\/\/www.tecnosonda.com.br\/es\/wp-json\/wp\/v2\/types\/page"}],"author":[{"embeddable":true,"href":"https:\/\/www.tecnosonda.com.br\/es\/wp-json\/wp\/v2\/users\/1"}],"replies":[{"embeddable":true,"href":"https:\/\/www.tecnosonda.com.br\/es\/wp-json\/wp\/v2\/comments?post=186"}],"version-history":[{"count":7,"href":"https:\/\/www.tecnosonda.com.br\/es\/wp-json\/wp\/v2\/pages\/186\/revisions"}],"predecessor-version":[{"id":1569,"href":"https:\/\/www.tecnosonda.com.br\/es\/wp-json\/wp\/v2\/pages\/186\/revisions\/1569"}],"up":[{"embeddable":true,"href":"https:\/\/www.tecnosonda.com.br\/es\/wp-json\/wp\/v2\/pages\/174"}],"wp:featuredmedia":[{"embeddable":true,"href":"https:\/\/www.tecnosonda.com.br\/es\/wp-json\/wp\/v2\/media\/178"}],"wp:attachment":[{"href":"https:\/\/www.tecnosonda.com.br\/es\/wp-json\/wp\/v2\/media?parent=186"}],"wp:term":[{"taxonomy":"category","embeddable":true,"href":"https:\/\/www.tecnosonda.com.br\/es\/wp-json\/wp\/v2\/categories?post=186"},{"taxonomy":"post_tag","embeddable":true,"href":"https:\/\/www.tecnosonda.com.br\/es\/wp-json\/wp\/v2\/tags?post=186"}],"curies":[{"name":"wp","href":"https:\/\/api.w.org\/{rel}","templated":true}]}}