{"id":181,"date":"2020-05-02T16:02:14","date_gmt":"2020-05-02T19:02:14","guid":{"rendered":"https:\/\/www.tecnosonda.com.br\/?page_id=181"},"modified":"2020-08-31T16:34:33","modified_gmt":"2020-08-31T19:34:33","slug":"manutencao-industrial","status":"publish","type":"page","link":"https:\/\/www.tecnosonda.com.br\/es\/eletromecanica\/manutencao-industrial\/","title":{"rendered":"Manutenci\u00f3n Industrial"},"content":{"rendered":"<p>Tecnosonda tiene una amplia experiencia en la prestaci\u00f3n de servicios de mantenimiento, de forma rutinaria y con parada en instalaciones industriales. La empresa realiza intervenciones en equipos, tuber\u00edas, instalaciones e instrumentos el\u00e9ctricos. En los servicios non-stop, valoramos e intensificamos los trabajos previos de planificaci\u00f3n, programaci\u00f3n y prefabricaci\u00f3n para garantizar los plazos requeridos.<\/p>\r\n<p><br \/>TECNOSONDA realiza servicios de mantenimiento en una amplia variedad de equipos industriales:<\/p>\r\n<p>&#8211; Convertidores,<br \/>&#8211; Calderas<br \/>&#8211; Reactores<br \/>&#8211; hornos<br \/>&#8211; Torres<br \/>&#8211; jarrones<br \/>&#8211; tanques<br \/>&#8211; esferas<br \/>&#8211; Intercambiadores<\/p>\r\n<p>Tambi\u00e9n forman parte de los servicios que realiza Tecnosonda, mantenimiento en tuber\u00edas, estructuras met\u00e1licas, instrumentaci\u00f3n, soldadura, pintura y aislamiento t\u00e9rmico.<\/p>","protected":false},"excerpt":{"rendered":"<p>Tecnosonda tiene una amplia experiencia en la prestaci\u00f3n de servicios de mantenimiento, de forma rutinaria y con parada en instalaciones industriales. La empresa realiza intervenciones en equipos, tuber\u00edas, instalaciones e instrumentos el\u00e9ctricos. En los servicios non-stop, valoramos e intensificamos los trabajos previos de planificaci\u00f3n, programaci\u00f3n y prefabricaci\u00f3n para garantizar los plazos requeridos. TECNOSONDA realiza servicios [&hellip;]<\/p>\n","protected":false},"author":1,"featured_media":178,"parent":174,"menu_order":0,"comment_status":"closed","ping_status":"closed","template":"modelo-interno-servicos.php","meta":{"footnotes":""},"categories":[19],"tags":[],"class_list":["post-181","page","type-page","status-publish","has-post-thumbnail","hentry","category-obrasmanutencaoindustrial"],"_links":{"self":[{"href":"https:\/\/www.tecnosonda.com.br\/es\/wp-json\/wp\/v2\/pages\/181","targetHints":{"allow":["GET"]}}],"collection":[{"href":"https:\/\/www.tecnosonda.com.br\/es\/wp-json\/wp\/v2\/pages"}],"about":[{"href":"https:\/\/www.tecnosonda.com.br\/es\/wp-json\/wp\/v2\/types\/page"}],"author":[{"embeddable":true,"href":"https:\/\/www.tecnosonda.com.br\/es\/wp-json\/wp\/v2\/users\/1"}],"replies":[{"embeddable":true,"href":"https:\/\/www.tecnosonda.com.br\/es\/wp-json\/wp\/v2\/comments?post=181"}],"version-history":[{"count":11,"href":"https:\/\/www.tecnosonda.com.br\/es\/wp-json\/wp\/v2\/pages\/181\/revisions"}],"predecessor-version":[{"id":1567,"href":"https:\/\/www.tecnosonda.com.br\/es\/wp-json\/wp\/v2\/pages\/181\/revisions\/1567"}],"up":[{"embeddable":true,"href":"https:\/\/www.tecnosonda.com.br\/es\/wp-json\/wp\/v2\/pages\/174"}],"wp:featuredmedia":[{"embeddable":true,"href":"https:\/\/www.tecnosonda.com.br\/es\/wp-json\/wp\/v2\/media\/178"}],"wp:attachment":[{"href":"https:\/\/www.tecnosonda.com.br\/es\/wp-json\/wp\/v2\/media?parent=181"}],"wp:term":[{"taxonomy":"category","embeddable":true,"href":"https:\/\/www.tecnosonda.com.br\/es\/wp-json\/wp\/v2\/categories?post=181"},{"taxonomy":"post_tag","embeddable":true,"href":"https:\/\/www.tecnosonda.com.br\/es\/wp-json\/wp\/v2\/tags?post=181"}],"curies":[{"name":"wp","href":"https:\/\/api.w.org\/{rel}","templated":true}]}}