{"id":1711,"date":"2023-05-15T13:37:11","date_gmt":"2023-05-15T16:37:11","guid":{"rendered":"https:\/\/www.tecnosonda.com.br\/?page_id=1711"},"modified":"2023-07-27T14:36:29","modified_gmt":"2023-07-27T17:36:29","slug":"fale-conosco","status":"publish","type":"page","link":"https:\/\/www.tecnosonda.com.br\/es\/fale-conosco\/","title":{"rendered":"Cont\u00e1ctenos y Oidor\u00eda"},"content":{"rendered":"<div class=\"\"><!-- wp:heading -->\r\n<h2><span style=\"color: #008000;\"><strong>Bienvenido al Cont\u00e1ctenos de Tecnosonda.<\/strong><\/span><\/h2>\r\n<p><!-- \/wp:heading -->\r\n\r\n<!-- wp:paragraph --><\/p>\r\n<p>Aqu\u00ed encontrar\u00e1 toda la informaci\u00f3n que necesita para contactarnos y compartir sus dudas, sugerencias, informaci\u00f3n adicional y comentarios.<\/p>\r\n<p>Nuestro objetivo es brindar servicios de calidad y excelencia en cada proyecto que llevamos a cabo, ya que valoramos mucho la opini\u00f3n de nuestros clientes, socios y comunidades en las que operamos.<\/p>\r\n<p>Entonces, si tiene sugerencias, elogios o cr\u00edticas constructivas, no dude en compartirlas con nosotros. Siempre estamos buscando formas de mejorar y ofrecer servicios cada vez m\u00e1s eficientes y satisfactorios.<\/p>\r\n<p>Si tiene alguna duda o necesita m\u00e1s informaci\u00f3n sobre nuestros servicios, puede ponerse en contacto con nosotros mediante el formulario de contacto disponible en esta p\u00e1gina. Responderemos lo antes posible.<\/p>\r\n<p>Si lo prefiere, tambi\u00e9n puede contactar con nosotros a trav\u00e9s de nuestros n\u00fameros de tel\u00e9fono o direcci\u00f3n de correo electr\u00f3nico.<\/p>\r\n<p><!-- \/wp:paragraph --><\/p>\r\n<div class=\"\u201ccol-md-6\u201d\">\u00a0<\/div>\r\n<\/div>\r\n<p style=\"padding-left: 280px;\"><iframe loading=\"lazy\" src=\"https:\/\/app.pipefy.com\/public\/form\/lN9E-QAT?embedded=true\" width=\"560\" height=\"860\" frameborder=\"1\"><span data-mce-type=\"bookmark\" style=\"display: inline-block; width: 0px; overflow: hidden; line-height: 0;\" class=\"mce_SELRES_start\">\ufeff<\/span><\/iframe><\/p>\r\n<p>&nbsp;<\/p>\r\n<h2><span style=\"color: #008000;\"><strong>\u201c\u00c9tica y sostenibilidad como forma de pensar y actuar\u201d, ese es nuestro lema.<\/strong><\/span><\/h2>\r\n<p><!-- \/wp:paragraph -->\r\n\r\n<!-- wp:paragraph --><\/p>\r\n<p>El canal de Oidor\u00eda de Tecnosonda es exclusivo para la recepci\u00f3n y env\u00edo de denuncias, con miras a la investigaci\u00f3n, mediaci\u00f3n y soluci\u00f3n de controversias, observando siempre los principios de transparencia y \u00e9tica.<\/p>\r\n<p>Tecnosonda garantiza que su contacto se mantendr\u00e1 confidencial (y puede hacerse de forma an\u00f3nima), que su inquietud se tratar\u00e1 de manera imparcial y que no se permitir\u00e1 ning\u00fan tipo de represalia contra cualquier persona que busque ayuda de buena fe.<\/p>\r\n<p>Cont\u00e1ctenos por correo electr\u00f3nico: <a href=\"mailto:ouviria@tecnosonda.com.br\">ouviria@tecnosonda.com.br<\/a>, por tel\u00e9fono +55 (71) 3034-7683, o por carta dirigida a Rua da \u00cdndia 85, Granjas Rurais Presidente Vargas, CEP: 41230-215, Salvador\/BA &#8211; Brazil.<\/p>","protected":false},"excerpt":{"rendered":"<p>Bienvenido al Cont\u00e1ctenos de Tecnosonda. Aqu\u00ed encontrar\u00e1 toda la informaci\u00f3n que necesita para contactarnos y compartir sus dudas, sugerencias, informaci\u00f3n adicional y comentarios. Nuestro objetivo es brindar servicios de calidad y excelencia en cada proyecto que llevamos a cabo, ya que valoramos mucho la opini\u00f3n de nuestros clientes, socios y comunidades en las que operamos. [&hellip;]<\/p>\n","protected":false},"author":7,"featured_media":220,"parent":0,"menu_order":0,"comment_status":"closed","ping_status":"closed","template":"modelo-content-corrido.php","meta":{"footnotes":""},"categories":[],"tags":[],"class_list":["post-1711","page","type-page","status-publish","has-post-thumbnail","hentry"],"_links":{"self":[{"href":"https:\/\/www.tecnosonda.com.br\/es\/wp-json\/wp\/v2\/pages\/1711","targetHints":{"allow":["GET"]}}],"collection":[{"href":"https:\/\/www.tecnosonda.com.br\/es\/wp-json\/wp\/v2\/pages"}],"about":[{"href":"https:\/\/www.tecnosonda.com.br\/es\/wp-json\/wp\/v2\/types\/page"}],"author":[{"embeddable":true,"href":"https:\/\/www.tecnosonda.com.br\/es\/wp-json\/wp\/v2\/users\/7"}],"replies":[{"embeddable":true,"href":"https:\/\/www.tecnosonda.com.br\/es\/wp-json\/wp\/v2\/comments?post=1711"}],"version-history":[{"count":36,"href":"https:\/\/www.tecnosonda.com.br\/es\/wp-json\/wp\/v2\/pages\/1711\/revisions"}],"predecessor-version":[{"id":1786,"href":"https:\/\/www.tecnosonda.com.br\/es\/wp-json\/wp\/v2\/pages\/1711\/revisions\/1786"}],"wp:featuredmedia":[{"embeddable":true,"href":"https:\/\/www.tecnosonda.com.br\/es\/wp-json\/wp\/v2\/media\/220"}],"wp:attachment":[{"href":"https:\/\/www.tecnosonda.com.br\/es\/wp-json\/wp\/v2\/media?parent=1711"}],"wp:term":[{"taxonomy":"category","embeddable":true,"href":"https:\/\/www.tecnosonda.com.br\/es\/wp-json\/wp\/v2\/categories?post=1711"},{"taxonomy":"post_tag","embeddable":true,"href":"https:\/\/www.tecnosonda.com.br\/es\/wp-json\/wp\/v2\/tags?post=1711"}],"curies":[{"name":"wp","href":"https:\/\/api.w.org\/{rel}","templated":true}]}}