{"id":169,"date":"2020-05-02T15:48:55","date_gmt":"2020-05-02T18:48:55","guid":{"rendered":"https:\/\/www.tecnosonda.com.br\/?page_id=169"},"modified":"2020-08-31T16:57:52","modified_gmt":"2020-08-31T19:57:52","slug":"medidor-de-recalque-e-convergencia","status":"publish","type":"page","link":"https:\/\/www.tecnosonda.com.br\/es\/fundacoes-e-geotecnia\/medidor-de-recalque-e-convergencia\/","title":{"rendered":"Medidor de presi\u00f3n y convergencia"},"content":{"rendered":"<p>Mediante la instalaci\u00f3n de puntos de referencia, se realizan lecturas peri\u00f3dicas, control y monitoreo preciso de los desplazamientos de las estructuras. El control de desplazamiento se puede hacer usando diferentes t\u00e9cnicas y modos de medici\u00f3n para cada tipo de construcci\u00f3n.<\/p>\r\n<p>La represi\u00f3n es una de las principales causas de da\u00f1o a las estructuras y puede conducir, en algunos casos, al colapso. El control de la represi\u00f3n es necesario desde su identificaci\u00f3n hasta la estabilizaci\u00f3n de la estructura.<\/p>\r\n<p>La importancia de monitorear el asentamiento est\u00e1 relacionada con cuestiones de seguridad, calidad y durabilidad de los edificios. El control y monitoreo de deformaciones permitir\u00e1 realizar una evaluaci\u00f3n si los resultados est\u00e1n en l\u00ednea con los l\u00edmites establecidos en los est\u00e1ndares de ingenier\u00eda brasile\u00f1os.<\/p>\r\n\r\n<p>&nbsp;<\/p>\r\n\r\n<p>&nbsp;<\/p>","protected":false},"excerpt":{"rendered":"<p>Mediante la instalaci\u00f3n de puntos de referencia, se realizan lecturas peri\u00f3dicas, control y monitoreo preciso de los desplazamientos de las estructuras. El control de desplazamiento se puede hacer usando diferentes t\u00e9cnicas y modos de medici\u00f3n para cada tipo de construcci\u00f3n. La represi\u00f3n es una de las principales causas de da\u00f1o a las estructuras y puede [&hellip;]<\/p>\n","protected":false},"author":1,"featured_media":60,"parent":56,"menu_order":0,"comment_status":"closed","ping_status":"closed","template":"modelo-interno-servicos.php","meta":{"footnotes":""},"categories":[18],"tags":[],"class_list":["post-169","page","type-page","status-publish","has-post-thumbnail","hentry","category-obrasmedidorderecalqueeconvergencia"],"_links":{"self":[{"href":"https:\/\/www.tecnosonda.com.br\/es\/wp-json\/wp\/v2\/pages\/169","targetHints":{"allow":["GET"]}}],"collection":[{"href":"https:\/\/www.tecnosonda.com.br\/es\/wp-json\/wp\/v2\/pages"}],"about":[{"href":"https:\/\/www.tecnosonda.com.br\/es\/wp-json\/wp\/v2\/types\/page"}],"author":[{"embeddable":true,"href":"https:\/\/www.tecnosonda.com.br\/es\/wp-json\/wp\/v2\/users\/1"}],"replies":[{"embeddable":true,"href":"https:\/\/www.tecnosonda.com.br\/es\/wp-json\/wp\/v2\/comments?post=169"}],"version-history":[{"count":7,"href":"https:\/\/www.tecnosonda.com.br\/es\/wp-json\/wp\/v2\/pages\/169\/revisions"}],"predecessor-version":[{"id":1575,"href":"https:\/\/www.tecnosonda.com.br\/es\/wp-json\/wp\/v2\/pages\/169\/revisions\/1575"}],"up":[{"embeddable":true,"href":"https:\/\/www.tecnosonda.com.br\/es\/wp-json\/wp\/v2\/pages\/56"}],"wp:featuredmedia":[{"embeddable":true,"href":"https:\/\/www.tecnosonda.com.br\/es\/wp-json\/wp\/v2\/media\/60"}],"wp:attachment":[{"href":"https:\/\/www.tecnosonda.com.br\/es\/wp-json\/wp\/v2\/media?parent=169"}],"wp:term":[{"taxonomy":"category","embeddable":true,"href":"https:\/\/www.tecnosonda.com.br\/es\/wp-json\/wp\/v2\/categories?post=169"},{"taxonomy":"post_tag","embeddable":true,"href":"https:\/\/www.tecnosonda.com.br\/es\/wp-json\/wp\/v2\/tags?post=169"}],"curies":[{"name":"wp","href":"https:\/\/api.w.org\/{rel}","templated":true}]}}