{"id":166,"date":"2020-05-02T15:47:02","date_gmt":"2020-05-02T18:47:02","guid":{"rendered":"https:\/\/www.tecnosonda.com.br\/?page_id=166"},"modified":"2020-07-30T20:13:09","modified_gmt":"2020-07-30T23:13:09","slug":"inclinometro","status":"publish","type":"page","link":"https:\/\/www.tecnosonda.com.br\/es\/fundacoes-e-geotecnia\/inclinometro\/","title":{"rendered":"Inclin\u00f3metro"},"content":{"rendered":"<p>Los inclin\u00f3metros se utilizan para determinar desplazamientos horizontales, superficiales y subterr\u00e1neos. Consisten en un conjunto de tubos de pl\u00e1stico o aluminio hechos para este prop\u00f3sito.<\/p>\r\n<p>El inclin\u00f3metro se puede instalar en un pozo, extendi\u00e9ndose a capas r\u00edgidas o alcanzando profundidades no afectadas por la construcci\u00f3n. Cuando se instala en pozos, el espacio entre el agujero y las tuber\u00edas debe llenarse con una mezcla de tierra, cemento y bentonita.<\/p>","protected":false},"excerpt":{"rendered":"<p>Los inclin\u00f3metros se utilizan para determinar desplazamientos horizontales, superficiales y subterr\u00e1neos. Consisten en un conjunto de tubos de pl\u00e1stico o aluminio hechos para este prop\u00f3sito. El inclin\u00f3metro se puede instalar en un pozo, extendi\u00e9ndose a capas r\u00edgidas o alcanzando profundidades no afectadas por la construcci\u00f3n. Cuando se instala en pozos, el espacio entre el agujero [&hellip;]<\/p>\n","protected":false},"author":1,"featured_media":60,"parent":56,"menu_order":0,"comment_status":"closed","ping_status":"closed","template":"modelo-interno-servicos.php","meta":{"footnotes":""},"categories":[17],"tags":[],"class_list":["post-166","page","type-page","status-publish","has-post-thumbnail","hentry","category-obrasinclinometro"],"_links":{"self":[{"href":"https:\/\/www.tecnosonda.com.br\/es\/wp-json\/wp\/v2\/pages\/166","targetHints":{"allow":["GET"]}}],"collection":[{"href":"https:\/\/www.tecnosonda.com.br\/es\/wp-json\/wp\/v2\/pages"}],"about":[{"href":"https:\/\/www.tecnosonda.com.br\/es\/wp-json\/wp\/v2\/types\/page"}],"author":[{"embeddable":true,"href":"https:\/\/www.tecnosonda.com.br\/es\/wp-json\/wp\/v2\/users\/1"}],"replies":[{"embeddable":true,"href":"https:\/\/www.tecnosonda.com.br\/es\/wp-json\/wp\/v2\/comments?post=166"}],"version-history":[{"count":6,"href":"https:\/\/www.tecnosonda.com.br\/es\/wp-json\/wp\/v2\/pages\/166\/revisions"}],"predecessor-version":[{"id":1533,"href":"https:\/\/www.tecnosonda.com.br\/es\/wp-json\/wp\/v2\/pages\/166\/revisions\/1533"}],"up":[{"embeddable":true,"href":"https:\/\/www.tecnosonda.com.br\/es\/wp-json\/wp\/v2\/pages\/56"}],"wp:featuredmedia":[{"embeddable":true,"href":"https:\/\/www.tecnosonda.com.br\/es\/wp-json\/wp\/v2\/media\/60"}],"wp:attachment":[{"href":"https:\/\/www.tecnosonda.com.br\/es\/wp-json\/wp\/v2\/media?parent=166"}],"wp:term":[{"taxonomy":"category","embeddable":true,"href":"https:\/\/www.tecnosonda.com.br\/es\/wp-json\/wp\/v2\/categories?post=166"},{"taxonomy":"post_tag","embeddable":true,"href":"https:\/\/www.tecnosonda.com.br\/es\/wp-json\/wp\/v2\/tags?post=166"}],"curies":[{"name":"wp","href":"https:\/\/api.w.org\/{rel}","templated":true}]}}