{"id":163,"date":"2020-05-02T15:44:11","date_gmt":"2020-05-02T18:44:11","guid":{"rendered":"https:\/\/www.tecnosonda.com.br\/?page_id=163"},"modified":"2020-07-30T20:12:19","modified_gmt":"2020-07-30T23:12:19","slug":"piezometro","status":"publish","type":"page","link":"https:\/\/www.tecnosonda.com.br\/es\/fundacoes-e-geotecnia\/piezometro\/","title":{"rendered":"Piez\u00f3metro"},"content":{"rendered":"<p>Los piez\u00f3metros son equipos utilizados para determinar la presi\u00f3n est\u00e1tica del agua en una capa fre\u00e1tica y la presi\u00f3n de los poros en el suelo, rocas, cimientos y estructuras de hormig\u00f3n. El procedimiento consiste en insertar un tubo transparente en el lugar donde se va a medir la presi\u00f3n y, a partir de la altura marcada en la columna piezom\u00e9trica, se obtiene su presi\u00f3n interna. Es ampliamente utilizado en presas de tierra y concreto y en el monitoreo de taludes y terraplenes.<\/p>","protected":false},"excerpt":{"rendered":"<p>Los piez\u00f3metros son equipos utilizados para determinar la presi\u00f3n est\u00e1tica del agua en una capa fre\u00e1tica y la presi\u00f3n de los poros en el suelo, rocas, cimientos y estructuras de hormig\u00f3n. El procedimiento consiste en insertar un tubo transparente en el lugar donde se va a medir la presi\u00f3n y, a partir de la altura [&hellip;]<\/p>\n","protected":false},"author":1,"featured_media":60,"parent":56,"menu_order":0,"comment_status":"closed","ping_status":"closed","template":"modelo-interno-servicos.php","meta":{"footnotes":""},"categories":[16],"tags":[],"class_list":["post-163","page","type-page","status-publish","has-post-thumbnail","hentry","category-obraspiezometro"],"_links":{"self":[{"href":"https:\/\/www.tecnosonda.com.br\/es\/wp-json\/wp\/v2\/pages\/163","targetHints":{"allow":["GET"]}}],"collection":[{"href":"https:\/\/www.tecnosonda.com.br\/es\/wp-json\/wp\/v2\/pages"}],"about":[{"href":"https:\/\/www.tecnosonda.com.br\/es\/wp-json\/wp\/v2\/types\/page"}],"author":[{"embeddable":true,"href":"https:\/\/www.tecnosonda.com.br\/es\/wp-json\/wp\/v2\/users\/1"}],"replies":[{"embeddable":true,"href":"https:\/\/www.tecnosonda.com.br\/es\/wp-json\/wp\/v2\/comments?post=163"}],"version-history":[{"count":6,"href":"https:\/\/www.tecnosonda.com.br\/es\/wp-json\/wp\/v2\/pages\/163\/revisions"}],"predecessor-version":[{"id":1532,"href":"https:\/\/www.tecnosonda.com.br\/es\/wp-json\/wp\/v2\/pages\/163\/revisions\/1532"}],"up":[{"embeddable":true,"href":"https:\/\/www.tecnosonda.com.br\/es\/wp-json\/wp\/v2\/pages\/56"}],"wp:featuredmedia":[{"embeddable":true,"href":"https:\/\/www.tecnosonda.com.br\/es\/wp-json\/wp\/v2\/media\/60"}],"wp:attachment":[{"href":"https:\/\/www.tecnosonda.com.br\/es\/wp-json\/wp\/v2\/media?parent=163"}],"wp:term":[{"taxonomy":"category","embeddable":true,"href":"https:\/\/www.tecnosonda.com.br\/es\/wp-json\/wp\/v2\/categories?post=163"},{"taxonomy":"post_tag","embeddable":true,"href":"https:\/\/www.tecnosonda.com.br\/es\/wp-json\/wp\/v2\/tags?post=163"}],"curies":[{"name":"wp","href":"https:\/\/api.w.org\/{rel}","templated":true}]}}