{"id":159,"date":"2020-05-02T14:50:25","date_gmt":"2020-05-02T17:50:25","guid":{"rendered":"https:\/\/www.tecnosonda.com.br\/?page_id=159"},"modified":"2020-07-30T20:11:34","modified_gmt":"2020-07-30T23:11:34","slug":"rebaixamento-de-lencol-freatico","status":"publish","type":"page","link":"https:\/\/www.tecnosonda.com.br\/es\/fundacoes-e-geotecnia\/rebaixamento-de-lencol-freatico\/","title":{"rendered":"Descenso de aguas subterr\u00e1neas"},"content":{"rendered":"<p>El servicio de descenso de la capa fre\u00e1tica tiene el prop\u00f3sito de inducir la eliminaci\u00f3n de agua del suelo, a trav\u00e9s de varios pozos de peque\u00f1o di\u00e1metro, realizados con la ayuda de un taladro. Por lo tanto, se baja el nivel del agua, lo que facilita la ejecuci\u00f3n del trabajo y, en consecuencia, genera mejores condiciones de seguridad para llevar a cabo el trabajo. Esta es una t\u00e9cnica ampliamente utilizada en la construcci\u00f3n de edificios con subsuelo, donde la excavaci\u00f3n del terreno se ve facilitada por la extracci\u00f3n de agua.<\/p>","protected":false},"excerpt":{"rendered":"<p>El servicio de descenso de la capa fre\u00e1tica tiene el prop\u00f3sito de inducir la eliminaci\u00f3n de agua del suelo, a trav\u00e9s de varios pozos de peque\u00f1o di\u00e1metro, realizados con la ayuda de un taladro. Por lo tanto, se baja el nivel del agua, lo que facilita la ejecuci\u00f3n del trabajo y, en consecuencia, genera mejores [&hellip;]<\/p>\n","protected":false},"author":1,"featured_media":60,"parent":56,"menu_order":0,"comment_status":"closed","ping_status":"closed","template":"modelo-interno-servicos.php","meta":{"footnotes":""},"categories":[15],"tags":[],"class_list":["post-159","page","type-page","status-publish","has-post-thumbnail","hentry","category-obrasrebaixamentodelencolfreatico"],"_links":{"self":[{"href":"https:\/\/www.tecnosonda.com.br\/es\/wp-json\/wp\/v2\/pages\/159","targetHints":{"allow":["GET"]}}],"collection":[{"href":"https:\/\/www.tecnosonda.com.br\/es\/wp-json\/wp\/v2\/pages"}],"about":[{"href":"https:\/\/www.tecnosonda.com.br\/es\/wp-json\/wp\/v2\/types\/page"}],"author":[{"embeddable":true,"href":"https:\/\/www.tecnosonda.com.br\/es\/wp-json\/wp\/v2\/users\/1"}],"replies":[{"embeddable":true,"href":"https:\/\/www.tecnosonda.com.br\/es\/wp-json\/wp\/v2\/comments?post=159"}],"version-history":[{"count":15,"href":"https:\/\/www.tecnosonda.com.br\/es\/wp-json\/wp\/v2\/pages\/159\/revisions"}],"predecessor-version":[{"id":1531,"href":"https:\/\/www.tecnosonda.com.br\/es\/wp-json\/wp\/v2\/pages\/159\/revisions\/1531"}],"up":[{"embeddable":true,"href":"https:\/\/www.tecnosonda.com.br\/es\/wp-json\/wp\/v2\/pages\/56"}],"wp:featuredmedia":[{"embeddable":true,"href":"https:\/\/www.tecnosonda.com.br\/es\/wp-json\/wp\/v2\/media\/60"}],"wp:attachment":[{"href":"https:\/\/www.tecnosonda.com.br\/es\/wp-json\/wp\/v2\/media?parent=159"}],"wp:term":[{"taxonomy":"category","embeddable":true,"href":"https:\/\/www.tecnosonda.com.br\/es\/wp-json\/wp\/v2\/categories?post=159"},{"taxonomy":"post_tag","embeddable":true,"href":"https:\/\/www.tecnosonda.com.br\/es\/wp-json\/wp\/v2\/tags?post=159"}],"curies":[{"name":"wp","href":"https:\/\/api.w.org\/{rel}","templated":true}]}}