{"id":152,"date":"2020-05-02T14:41:30","date_gmt":"2020-05-02T17:41:30","guid":{"rendered":"https:\/\/www.tecnosonda.com.br\/?page_id=152"},"modified":"2020-07-30T20:09:33","modified_gmt":"2020-07-30T23:09:33","slug":"ensaios-geotecnicos","status":"publish","type":"page","link":"https:\/\/www.tecnosonda.com.br\/es\/fundacoes-e-geotecnia\/ensaios-geotecnicos\/","title":{"rendered":"Pruebas Geot\u00e9cnicas"},"content":{"rendered":"<p>Las pruebas geot\u00e9cnicas son procedimientos de ingenier\u00eda con el prop\u00f3sito de adquirir datos sobre el perfil del terreno a partir de la asimilaci\u00f3n de suelos y \/ o rocas que forman las capas del subsuelo. As\u00ed, se determinan los par\u00e1metros mec\u00e1nicos y las caracter\u00edsticas f\u00edsicas y qu\u00edmicas del subsuelo estudiado. Es extremadamente importante que se realicen pruebas geot\u00e9cnicas para determinar si las condiciones del terreno son favorables y para guiar la soluci\u00f3n de ingenier\u00eda adecuada para cada ubicaci\u00f3n. Tecnosonda lleva a cabo una serie de pruebas, como la clasificaci\u00f3n de suelos y rocas, pruebas triaxiales, granulometr\u00eda con caracterizaci\u00f3n completa de suelos, an\u00e1lisis qu\u00edmicos de suelos, pruebas de agujeros cruzados, densificaci\u00f3n, eliminaci\u00f3n de muestras y otras.<\/p>","protected":false},"excerpt":{"rendered":"<p>Las pruebas geot\u00e9cnicas son procedimientos de ingenier\u00eda con el prop\u00f3sito de adquirir datos sobre el perfil del terreno a partir de la asimilaci\u00f3n de suelos y \/ o rocas que forman las capas del subsuelo. As\u00ed, se determinan los par\u00e1metros mec\u00e1nicos y las caracter\u00edsticas f\u00edsicas y qu\u00edmicas del subsuelo estudiado. Es extremadamente importante que se [&hellip;]<\/p>\n","protected":false},"author":1,"featured_media":60,"parent":56,"menu_order":0,"comment_status":"closed","ping_status":"closed","template":"modelo-interno-servicos.php","meta":{"footnotes":""},"categories":[14],"tags":[],"class_list":["post-152","page","type-page","status-publish","has-post-thumbnail","hentry","category-obrasensaiosgeotecnicos"],"_links":{"self":[{"href":"https:\/\/www.tecnosonda.com.br\/es\/wp-json\/wp\/v2\/pages\/152","targetHints":{"allow":["GET"]}}],"collection":[{"href":"https:\/\/www.tecnosonda.com.br\/es\/wp-json\/wp\/v2\/pages"}],"about":[{"href":"https:\/\/www.tecnosonda.com.br\/es\/wp-json\/wp\/v2\/types\/page"}],"author":[{"embeddable":true,"href":"https:\/\/www.tecnosonda.com.br\/es\/wp-json\/wp\/v2\/users\/1"}],"replies":[{"embeddable":true,"href":"https:\/\/www.tecnosonda.com.br\/es\/wp-json\/wp\/v2\/comments?post=152"}],"version-history":[{"count":7,"href":"https:\/\/www.tecnosonda.com.br\/es\/wp-json\/wp\/v2\/pages\/152\/revisions"}],"predecessor-version":[{"id":1528,"href":"https:\/\/www.tecnosonda.com.br\/es\/wp-json\/wp\/v2\/pages\/152\/revisions\/1528"}],"up":[{"embeddable":true,"href":"https:\/\/www.tecnosonda.com.br\/es\/wp-json\/wp\/v2\/pages\/56"}],"wp:featuredmedia":[{"embeddable":true,"href":"https:\/\/www.tecnosonda.com.br\/es\/wp-json\/wp\/v2\/media\/60"}],"wp:attachment":[{"href":"https:\/\/www.tecnosonda.com.br\/es\/wp-json\/wp\/v2\/media?parent=152"}],"wp:term":[{"taxonomy":"category","embeddable":true,"href":"https:\/\/www.tecnosonda.com.br\/es\/wp-json\/wp\/v2\/categories?post=152"},{"taxonomy":"post_tag","embeddable":true,"href":"https:\/\/www.tecnosonda.com.br\/es\/wp-json\/wp\/v2\/tags?post=152"}],"curies":[{"name":"wp","href":"https:\/\/api.w.org\/{rel}","templated":true}]}}