{"id":147,"date":"2020-05-02T14:37:48","date_gmt":"2020-05-02T17:37:48","guid":{"rendered":"https:\/\/www.tecnosonda.com.br\/?page_id=147"},"modified":"2020-07-30T20:07:23","modified_gmt":"2020-07-30T23:07:23","slug":"sondagens-geotecnicas","status":"publish","type":"page","link":"https:\/\/www.tecnosonda.com.br\/es\/fundacoes-e-geotecnia\/sondagens-geotecnicas\/","title":{"rendered":"Sondajes Geotecnicas"},"content":{"rendered":"<p>Los estudios geot\u00e9cnicos son procedimientos de investigaci\u00f3n con el prop\u00f3sito de caracterizar geol\u00f3gicamente y geot\u00e9cnicamente el subsuelo, determinando as\u00ed el perfil del terreno mediante la identificaci\u00f3n de los tipos de suelo y rocas que lo componen, as\u00ed como la presencia o no de agua subterr\u00e1nea.<\/p>\r\n<p>Tecnosonda realiza servicios de percusi\u00f3n y perforaci\u00f3n rotativa, tanto mar\u00edtima como terrestre, con experiencia.<\/p>","protected":false},"excerpt":{"rendered":"<p>Los estudios geot\u00e9cnicos son procedimientos de investigaci\u00f3n con el prop\u00f3sito de caracterizar geol\u00f3gicamente y geot\u00e9cnicamente el subsuelo, determinando as\u00ed el perfil del terreno mediante la identificaci\u00f3n de los tipos de suelo y rocas que lo componen, as\u00ed como la presencia o no de agua subterr\u00e1nea. Tecnosonda realiza servicios de percusi\u00f3n y perforaci\u00f3n rotativa, tanto mar\u00edtima [&hellip;]<\/p>\n","protected":false},"author":1,"featured_media":60,"parent":56,"menu_order":0,"comment_status":"closed","ping_status":"closed","template":"modelo-interno-servicos.php","meta":{"footnotes":""},"categories":[13],"tags":[],"class_list":["post-147","page","type-page","status-publish","has-post-thumbnail","hentry","category-obrassondagensgeotecnicas"],"_links":{"self":[{"href":"https:\/\/www.tecnosonda.com.br\/es\/wp-json\/wp\/v2\/pages\/147","targetHints":{"allow":["GET"]}}],"collection":[{"href":"https:\/\/www.tecnosonda.com.br\/es\/wp-json\/wp\/v2\/pages"}],"about":[{"href":"https:\/\/www.tecnosonda.com.br\/es\/wp-json\/wp\/v2\/types\/page"}],"author":[{"embeddable":true,"href":"https:\/\/www.tecnosonda.com.br\/es\/wp-json\/wp\/v2\/users\/1"}],"replies":[{"embeddable":true,"href":"https:\/\/www.tecnosonda.com.br\/es\/wp-json\/wp\/v2\/comments?post=147"}],"version-history":[{"count":7,"href":"https:\/\/www.tecnosonda.com.br\/es\/wp-json\/wp\/v2\/pages\/147\/revisions"}],"predecessor-version":[{"id":1525,"href":"https:\/\/www.tecnosonda.com.br\/es\/wp-json\/wp\/v2\/pages\/147\/revisions\/1525"}],"up":[{"embeddable":true,"href":"https:\/\/www.tecnosonda.com.br\/es\/wp-json\/wp\/v2\/pages\/56"}],"wp:featuredmedia":[{"embeddable":true,"href":"https:\/\/www.tecnosonda.com.br\/es\/wp-json\/wp\/v2\/media\/60"}],"wp:attachment":[{"href":"https:\/\/www.tecnosonda.com.br\/es\/wp-json\/wp\/v2\/media?parent=147"}],"wp:term":[{"taxonomy":"category","embeddable":true,"href":"https:\/\/www.tecnosonda.com.br\/es\/wp-json\/wp\/v2\/categories?post=147"},{"taxonomy":"post_tag","embeddable":true,"href":"https:\/\/www.tecnosonda.com.br\/es\/wp-json\/wp\/v2\/tags?post=147"}],"curies":[{"name":"wp","href":"https:\/\/api.w.org\/{rel}","templated":true}]}}