{"id":1445,"date":"2020-07-29T14:27:34","date_gmt":"2020-07-29T17:27:34","guid":{"rendered":"https:\/\/www.tecnosonda.com.br\/?page_id=1445"},"modified":"2020-08-31T16:26:41","modified_gmt":"2020-08-31T19:26:41","slug":"infraestrutura","status":"publish","type":"page","link":"https:\/\/www.tecnosonda.com.br\/es\/construcao-civil\/infraestrutura\/","title":{"rendered":"Infraestructura"},"content":{"rendered":"<p>Tecnosonda realiza servicios de infraestructura para impulsar el desarrollo socioecon\u00f3mico del pa\u00eds. Los principales servicios que se realizan son transporte, energ\u00eda, servicios relacionados con petroqu\u00edmicos, telecomunicaciones y saneamiento. La asociaci\u00f3n de estos servicios influye directamente en el proceso productivo, proporcionando crecimiento econ\u00f3mico.<\/p>\n<p>El sector del transporte es de gran importancia para el desplazamiento de personas y mercanc\u00edas. La construcci\u00f3n y mantenimiento de carreteras, v\u00edas f\u00e9rreas y fluviales, puertos y aeropuertos, son puntos esenciales para el desarrollo econ\u00f3mico de una regi\u00f3n, ya que este servicio se encarga del transporte de carga y pasajeros.<\/p>\n<p>La infraestructura es vital para el desarrollo socioecon\u00f3mico de un pa\u00eds. La calificaci\u00f3n de la infraestructura tiene un impacto positivo en muchas \u00e1reas.<\/p>\n<p>Este sector crea mejores condiciones de vida en sociedad, generando empleo e ingresos.<\/p>","protected":false},"excerpt":{"rendered":"<p>Tecnosonda realiza servicios de infraestructura para impulsar el desarrollo socioecon\u00f3mico del pa\u00eds. Los principales servicios que se realizan son transporte, energ\u00eda, servicios relacionados con petroqu\u00edmicos, telecomunicaciones y saneamiento. La asociaci\u00f3n de estos servicios influye directamente en el proceso productivo, proporcionando crecimiento econ\u00f3mico. El sector del transporte es de gran importancia para el desplazamiento de personas [&hellip;]<\/p>\n","protected":false},"author":3,"featured_media":196,"parent":192,"menu_order":0,"comment_status":"closed","ping_status":"closed","template":"modelo-interno-servicos.php","meta":{"footnotes":""},"categories":[69],"tags":[],"class_list":["post-1445","page","type-page","status-publish","has-post-thumbnail","hentry","category-obrasinfraestrutura"],"_links":{"self":[{"href":"https:\/\/www.tecnosonda.com.br\/es\/wp-json\/wp\/v2\/pages\/1445","targetHints":{"allow":["GET"]}}],"collection":[{"href":"https:\/\/www.tecnosonda.com.br\/es\/wp-json\/wp\/v2\/pages"}],"about":[{"href":"https:\/\/www.tecnosonda.com.br\/es\/wp-json\/wp\/v2\/types\/page"}],"author":[{"embeddable":true,"href":"https:\/\/www.tecnosonda.com.br\/es\/wp-json\/wp\/v2\/users\/3"}],"replies":[{"embeddable":true,"href":"https:\/\/www.tecnosonda.com.br\/es\/wp-json\/wp\/v2\/comments?post=1445"}],"version-history":[{"count":4,"href":"https:\/\/www.tecnosonda.com.br\/es\/wp-json\/wp\/v2\/pages\/1445\/revisions"}],"predecessor-version":[{"id":1561,"href":"https:\/\/www.tecnosonda.com.br\/es\/wp-json\/wp\/v2\/pages\/1445\/revisions\/1561"}],"up":[{"embeddable":true,"href":"https:\/\/www.tecnosonda.com.br\/es\/wp-json\/wp\/v2\/pages\/192"}],"wp:featuredmedia":[{"embeddable":true,"href":"https:\/\/www.tecnosonda.com.br\/es\/wp-json\/wp\/v2\/media\/196"}],"wp:attachment":[{"href":"https:\/\/www.tecnosonda.com.br\/es\/wp-json\/wp\/v2\/media?parent=1445"}],"wp:term":[{"taxonomy":"category","embeddable":true,"href":"https:\/\/www.tecnosonda.com.br\/es\/wp-json\/wp\/v2\/categories?post=1445"},{"taxonomy":"post_tag","embeddable":true,"href":"https:\/\/www.tecnosonda.com.br\/es\/wp-json\/wp\/v2\/tags?post=1445"}],"curies":[{"name":"wp","href":"https:\/\/api.w.org\/{rel}","templated":true}]}}