{"id":144,"date":"2020-05-02T14:35:35","date_gmt":"2020-05-02T17:35:35","guid":{"rendered":"https:\/\/www.tecnosonda.com.br\/?page_id=144"},"modified":"2020-07-30T20:05:26","modified_gmt":"2020-07-30T23:05:26","slug":"concreto-projetado","status":"publish","type":"page","link":"https:\/\/www.tecnosonda.com.br\/es\/fundacoes-e-geotecnia\/concreto-projetado\/","title":{"rendered":"Hormig\u00f3n Proyectado"},"content":{"rendered":"<div class=\"tlid-input input\">\r\n<div class=\"source-wrap\">\r\n<div class=\"input-full-height-wrapper tlid-input-full-height-wrapper\">\r\n<div class=\"source-input\">\r\n<div class=\"source-footer-wrap source-or-target-footer\">\r\n<div class=\"character-count tlid-character-count\">\u00a0<\/div>\r\n<div class=\"source-footer\">\r\n<div class=\"speech-wrap source-or-target-footer-button left-positioned\">\r\n<div id=\"gt-speech\" class=\"speech-button goog-toolbar-button\" tabindex=\"0\" role=\"button\" aria-label=\"Ativar entrada de texto por voz\" data-tooltip-align=\"t,c\" aria-pressed=\"false\" aria-disabled=\"false\" data-tooltip=\"Ativar entrada de texto por voz\"><span title=\"\">Shotcrete es un proceso de aplicaci\u00f3n de concreto sin la necesidad de formas, todo lo que se necesita es solo una superficie para su lanzamiento y un equipo de proyecci\u00f3n adecuado.<\/span> <span class=\"\" title=\"\">Se utiliza en hormigonado en t\u00faneles, muros de contenci\u00f3n y en la recuperaci\u00f3n y refuerzo estructural de losas, vigas, pilares y muros de hormig\u00f3n armado.<\/span><\/div>\r\n<\/div>\r\n<\/div>\r\n<\/div>\r\n<\/div>\r\n<\/div>\r\n<\/div>\r\n<\/div>","protected":false},"excerpt":{"rendered":"<p>\u00a0 Shotcrete es un proceso de aplicaci\u00f3n de concreto sin la necesidad de formas, todo lo que se necesita es solo una superficie para su lanzamiento y un equipo de proyecci\u00f3n adecuado. Se utiliza en hormigonado en t\u00faneles, muros de contenci\u00f3n y en la recuperaci\u00f3n y refuerzo estructural de losas, vigas, pilares y muros de [&hellip;]<\/p>\n","protected":false},"author":1,"featured_media":60,"parent":56,"menu_order":0,"comment_status":"closed","ping_status":"closed","template":"modelo-interno-servicos.php","meta":{"footnotes":""},"categories":[12],"tags":[],"class_list":["post-144","page","type-page","status-publish","has-post-thumbnail","hentry","category-obrasconcretoprojetado"],"_links":{"self":[{"href":"https:\/\/www.tecnosonda.com.br\/es\/wp-json\/wp\/v2\/pages\/144","targetHints":{"allow":["GET"]}}],"collection":[{"href":"https:\/\/www.tecnosonda.com.br\/es\/wp-json\/wp\/v2\/pages"}],"about":[{"href":"https:\/\/www.tecnosonda.com.br\/es\/wp-json\/wp\/v2\/types\/page"}],"author":[{"embeddable":true,"href":"https:\/\/www.tecnosonda.com.br\/es\/wp-json\/wp\/v2\/users\/1"}],"replies":[{"embeddable":true,"href":"https:\/\/www.tecnosonda.com.br\/es\/wp-json\/wp\/v2\/comments?post=144"}],"version-history":[{"count":7,"href":"https:\/\/www.tecnosonda.com.br\/es\/wp-json\/wp\/v2\/pages\/144\/revisions"}],"predecessor-version":[{"id":1524,"href":"https:\/\/www.tecnosonda.com.br\/es\/wp-json\/wp\/v2\/pages\/144\/revisions\/1524"}],"up":[{"embeddable":true,"href":"https:\/\/www.tecnosonda.com.br\/es\/wp-json\/wp\/v2\/pages\/56"}],"wp:featuredmedia":[{"embeddable":true,"href":"https:\/\/www.tecnosonda.com.br\/es\/wp-json\/wp\/v2\/media\/60"}],"wp:attachment":[{"href":"https:\/\/www.tecnosonda.com.br\/es\/wp-json\/wp\/v2\/media?parent=144"}],"wp:term":[{"taxonomy":"category","embeddable":true,"href":"https:\/\/www.tecnosonda.com.br\/es\/wp-json\/wp\/v2\/categories?post=144"},{"taxonomy":"post_tag","embeddable":true,"href":"https:\/\/www.tecnosonda.com.br\/es\/wp-json\/wp\/v2\/tags?post=144"}],"curies":[{"name":"wp","href":"https:\/\/api.w.org\/{rel}","templated":true}]}}