{"id":139,"date":"2020-05-02T14:33:06","date_gmt":"2020-05-02T17:33:06","guid":{"rendered":"https:\/\/www.tecnosonda.com.br\/?page_id=139"},"modified":"2020-07-30T20:03:46","modified_gmt":"2020-07-30T23:03:46","slug":"cortinas-atirantadas","status":"publish","type":"page","link":"https:\/\/www.tecnosonda.com.br\/es\/fundacoes-e-geotecnia\/cortinas-atirantadas\/","title":{"rendered":"Estabilizaci\u00f3n de Taludes"},"content":{"rendered":"<p>La Cortina Atirantada es un sistema de contenci\u00f3n de taludes compuesto por varillas pretensadas, pernos de anclaje y una pared, que puede ser reforzada o de hormig\u00f3n proyectado. La funci\u00f3n principal de la cortina de concreto es efectuar el soporte, comenzando desde la transmisi\u00f3n al suelo de la flotabilidad proveniente de la tensi\u00f3n generada por los elevadores.<\/p>\r\n<p>Este m\u00e9todo es conocido por su versatilidad, e indicado para terraplenes en terrenos naturales o de corte con grandes cargas para contener o suelos que presentan resistencia a su estabilidad.<\/p>","protected":false},"excerpt":{"rendered":"<p>La Cortina Atirantada es un sistema de contenci\u00f3n de taludes compuesto por varillas pretensadas, pernos de anclaje y una pared, que puede ser reforzada o de hormig\u00f3n proyectado. La funci\u00f3n principal de la cortina de concreto es efectuar el soporte, comenzando desde la transmisi\u00f3n al suelo de la flotabilidad proveniente de la tensi\u00f3n generada por [&hellip;]<\/p>\n","protected":false},"author":1,"featured_media":60,"parent":56,"menu_order":0,"comment_status":"closed","ping_status":"closed","template":"modelo-interno-servicos.php","meta":{"footnotes":""},"categories":[11],"tags":[],"class_list":["post-139","page","type-page","status-publish","has-post-thumbnail","hentry","category-obrascortinasatirantadas"],"_links":{"self":[{"href":"https:\/\/www.tecnosonda.com.br\/es\/wp-json\/wp\/v2\/pages\/139","targetHints":{"allow":["GET"]}}],"collection":[{"href":"https:\/\/www.tecnosonda.com.br\/es\/wp-json\/wp\/v2\/pages"}],"about":[{"href":"https:\/\/www.tecnosonda.com.br\/es\/wp-json\/wp\/v2\/types\/page"}],"author":[{"embeddable":true,"href":"https:\/\/www.tecnosonda.com.br\/es\/wp-json\/wp\/v2\/users\/1"}],"replies":[{"embeddable":true,"href":"https:\/\/www.tecnosonda.com.br\/es\/wp-json\/wp\/v2\/comments?post=139"}],"version-history":[{"count":21,"href":"https:\/\/www.tecnosonda.com.br\/es\/wp-json\/wp\/v2\/pages\/139\/revisions"}],"predecessor-version":[{"id":1523,"href":"https:\/\/www.tecnosonda.com.br\/es\/wp-json\/wp\/v2\/pages\/139\/revisions\/1523"}],"up":[{"embeddable":true,"href":"https:\/\/www.tecnosonda.com.br\/es\/wp-json\/wp\/v2\/pages\/56"}],"wp:featuredmedia":[{"embeddable":true,"href":"https:\/\/www.tecnosonda.com.br\/es\/wp-json\/wp\/v2\/media\/60"}],"wp:attachment":[{"href":"https:\/\/www.tecnosonda.com.br\/es\/wp-json\/wp\/v2\/media?parent=139"}],"wp:term":[{"taxonomy":"category","embeddable":true,"href":"https:\/\/www.tecnosonda.com.br\/es\/wp-json\/wp\/v2\/categories?post=139"},{"taxonomy":"post_tag","embeddable":true,"href":"https:\/\/www.tecnosonda.com.br\/es\/wp-json\/wp\/v2\/tags?post=139"}],"curies":[{"name":"wp","href":"https:\/\/api.w.org\/{rel}","templated":true}]}}