{"id":130,"date":"2020-05-01T18:49:34","date_gmt":"2020-05-01T21:49:34","guid":{"rendered":"https:\/\/www.tecnosonda.com.br\/?page_id=130"},"modified":"2020-07-30T20:09:47","modified_gmt":"2020-07-30T23:09:47","slug":"provas-de-carga","status":"publish","type":"page","link":"https:\/\/www.tecnosonda.com.br\/es\/fundacoes-e-geotecnia\/provas-de-carga\/","title":{"rendered":"Pruebas de Carga"},"content":{"rendered":"<p>La prueba de carga est\u00e1tica es el procedimiento indicado por el Est\u00e1ndar de Fundaciones de Brasil para determinar la capacidad de carga de las pilas. NBR-6122 recomienda que el 1% del replanteo se someta a este tipo de prueba.<\/p>\r\n<p>El resultado de esta prueba permite evaluar el comportamiento del pilote mediante la aplicaci\u00f3n de etapas de carga y observando su desplazamiento. A trav\u00e9s de esta prueba, es posible confirmar la capacidad de carga desde un punto de vista geot\u00e9cnico. Tecnosonda realiza pruebas de prueba de carga de hasta 2.000 toneladas.<\/p>","protected":false},"excerpt":{"rendered":"<p>La prueba de carga est\u00e1tica es el procedimiento indicado por el Est\u00e1ndar de Fundaciones de Brasil para determinar la capacidad de carga de las pilas. NBR-6122 recomienda que el 1% del replanteo se someta a este tipo de prueba. El resultado de esta prueba permite evaluar el comportamiento del pilote mediante la aplicaci\u00f3n de etapas [&hellip;]<\/p>\n","protected":false},"author":1,"featured_media":60,"parent":56,"menu_order":0,"comment_status":"closed","ping_status":"closed","template":"modelo-interno-servicos.php","meta":{"footnotes":""},"categories":[9],"tags":[],"class_list":["post-130","page","type-page","status-publish","has-post-thumbnail","hentry","category-obrasprovasdecarga"],"_links":{"self":[{"href":"https:\/\/www.tecnosonda.com.br\/es\/wp-json\/wp\/v2\/pages\/130","targetHints":{"allow":["GET"]}}],"collection":[{"href":"https:\/\/www.tecnosonda.com.br\/es\/wp-json\/wp\/v2\/pages"}],"about":[{"href":"https:\/\/www.tecnosonda.com.br\/es\/wp-json\/wp\/v2\/types\/page"}],"author":[{"embeddable":true,"href":"https:\/\/www.tecnosonda.com.br\/es\/wp-json\/wp\/v2\/users\/1"}],"replies":[{"embeddable":true,"href":"https:\/\/www.tecnosonda.com.br\/es\/wp-json\/wp\/v2\/comments?post=130"}],"version-history":[{"count":19,"href":"https:\/\/www.tecnosonda.com.br\/es\/wp-json\/wp\/v2\/pages\/130\/revisions"}],"predecessor-version":[{"id":1529,"href":"https:\/\/www.tecnosonda.com.br\/es\/wp-json\/wp\/v2\/pages\/130\/revisions\/1529"}],"up":[{"embeddable":true,"href":"https:\/\/www.tecnosonda.com.br\/es\/wp-json\/wp\/v2\/pages\/56"}],"wp:featuredmedia":[{"embeddable":true,"href":"https:\/\/www.tecnosonda.com.br\/es\/wp-json\/wp\/v2\/media\/60"}],"wp:attachment":[{"href":"https:\/\/www.tecnosonda.com.br\/es\/wp-json\/wp\/v2\/media?parent=130"}],"wp:term":[{"taxonomy":"category","embeddable":true,"href":"https:\/\/www.tecnosonda.com.br\/es\/wp-json\/wp\/v2\/categories?post=130"},{"taxonomy":"post_tag","embeddable":true,"href":"https:\/\/www.tecnosonda.com.br\/es\/wp-json\/wp\/v2\/tags?post=130"}],"curies":[{"name":"wp","href":"https:\/\/api.w.org\/{rel}","templated":true}]}}