{"id":1286,"date":"2020-07-15T12:08:48","date_gmt":"2020-07-15T15:08:48","guid":{"rendered":"https:\/\/www.tecnosonda.com.br\/?page_id=1286"},"modified":"2020-08-31T16:43:37","modified_gmt":"2020-08-31T19:43:37","slug":"laboratorio-de-solos","status":"publish","type":"page","link":"https:\/\/www.tecnosonda.com.br\/es\/fundacoes-e-geotecnia\/laboratorio-de-solos\/","title":{"rendered":"Laboratorio de suelos"},"content":{"rendered":"<p>Tecnosonda dispone en sus instalaciones de laboratorio propio para la realizaci\u00f3n de diversos ensayos de mec\u00e1nica de suelos para asistir a su departamento geot\u00e9cnico, en los que se realizan diversos ensayos de caracterizaci\u00f3n f\u00edsica y mec\u00e1nica, entre los que destacan:<\/p>\n<p>Caracterizaci\u00f3n f\u00edsica del suelo<br \/>\nAn\u00e1lisis granulom\u00e9trico de tamizado y sedimentaci\u00f3n<br \/>\nL\u00edmites de consistencia del suelo (LL y LP)<br \/>\nDensidad de grano real<br \/>\nContenido de humedad<br \/>\nPrueba de compactaci\u00f3n<br \/>\n\u00cdndice de apoyo de California (CBR)<\/p>","protected":false},"excerpt":{"rendered":"<p>Tecnosonda dispone en sus instalaciones de laboratorio propio para la realizaci\u00f3n de diversos ensayos de mec\u00e1nica de suelos para asistir a su departamento geot\u00e9cnico, en los que se realizan diversos ensayos de caracterizaci\u00f3n f\u00edsica y mec\u00e1nica, entre los que destacan: Caracterizaci\u00f3n f\u00edsica del suelo An\u00e1lisis granulom\u00e9trico de tamizado y sedimentaci\u00f3n L\u00edmites de consistencia del suelo [&hellip;]<\/p>\n","protected":false},"author":3,"featured_media":60,"parent":56,"menu_order":0,"comment_status":"closed","ping_status":"closed","template":"modelo-interno-servicos.php","meta":{"footnotes":""},"categories":[68],"tags":[],"class_list":["post-1286","page","type-page","status-publish","has-post-thumbnail","hentry","category-obraslaboratoriosdesolos"],"_links":{"self":[{"href":"https:\/\/www.tecnosonda.com.br\/es\/wp-json\/wp\/v2\/pages\/1286","targetHints":{"allow":["GET"]}}],"collection":[{"href":"https:\/\/www.tecnosonda.com.br\/es\/wp-json\/wp\/v2\/pages"}],"about":[{"href":"https:\/\/www.tecnosonda.com.br\/es\/wp-json\/wp\/v2\/types\/page"}],"author":[{"embeddable":true,"href":"https:\/\/www.tecnosonda.com.br\/es\/wp-json\/wp\/v2\/users\/3"}],"replies":[{"embeddable":true,"href":"https:\/\/www.tecnosonda.com.br\/es\/wp-json\/wp\/v2\/comments?post=1286"}],"version-history":[{"count":5,"href":"https:\/\/www.tecnosonda.com.br\/es\/wp-json\/wp\/v2\/pages\/1286\/revisions"}],"predecessor-version":[{"id":1573,"href":"https:\/\/www.tecnosonda.com.br\/es\/wp-json\/wp\/v2\/pages\/1286\/revisions\/1573"}],"up":[{"embeddable":true,"href":"https:\/\/www.tecnosonda.com.br\/es\/wp-json\/wp\/v2\/pages\/56"}],"wp:featuredmedia":[{"embeddable":true,"href":"https:\/\/www.tecnosonda.com.br\/es\/wp-json\/wp\/v2\/media\/60"}],"wp:attachment":[{"href":"https:\/\/www.tecnosonda.com.br\/es\/wp-json\/wp\/v2\/media?parent=1286"}],"wp:term":[{"taxonomy":"category","embeddable":true,"href":"https:\/\/www.tecnosonda.com.br\/es\/wp-json\/wp\/v2\/categories?post=1286"},{"taxonomy":"post_tag","embeddable":true,"href":"https:\/\/www.tecnosonda.com.br\/es\/wp-json\/wp\/v2\/tags?post=1286"}],"curies":[{"name":"wp","href":"https:\/\/api.w.org\/{rel}","templated":true}]}}