{"id":1283,"date":"2020-07-15T12:05:03","date_gmt":"2020-07-15T15:05:03","guid":{"rendered":"https:\/\/www.tecnosonda.com.br\/?page_id=1283"},"modified":"2020-08-31T16:55:49","modified_gmt":"2020-08-31T19:55:49","slug":"geodreno","status":"publish","type":"page","link":"https:\/\/www.tecnosonda.com.br\/es\/fundacoes-e-geotecnia\/geodreno\/","title":{"rendered":"Geodrutas"},"content":{"rendered":"<p>Se aplican geodrutas (o drenajes fibroqu\u00edmicos) para eliminar el agua del subsuelo con el fin de lograr la estabilizaci\u00f3n del suelo.<br \/>\nEl m\u00e9todo consiste en la conducci\u00f3n de membranas de pl\u00e1stico, rodeadas de geomanta. La conducci\u00f3n se realiza en forma de lanzas verticales que pueden alcanzar hasta 35 metros de profundidad. Puede proceder con la aplicaci\u00f3n de vertedero temporal para establecer una sobrecarga. Los desag\u00fces absorber\u00e1n y drenar\u00e1n el agua de este suelo, comprimida por vertederos temporales. Esto provoca un \u00abdescenso\u00bb del suelo, aumentando su densidad y minimizando los asentamientos con el tiempo.<\/p>","protected":false},"excerpt":{"rendered":"<p>Se aplican geodrutas (o drenajes fibroqu\u00edmicos) para eliminar el agua del subsuelo con el fin de lograr la estabilizaci\u00f3n del suelo. El m\u00e9todo consiste en la conducci\u00f3n de membranas de pl\u00e1stico, rodeadas de geomanta. La conducci\u00f3n se realiza en forma de lanzas verticales que pueden alcanzar hasta 35 metros de profundidad. Puede proceder con la [&hellip;]<\/p>\n","protected":false},"author":3,"featured_media":60,"parent":56,"menu_order":0,"comment_status":"closed","ping_status":"closed","template":"modelo-interno-servicos.php","meta":{"footnotes":""},"categories":[67],"tags":[],"class_list":["post-1283","page","type-page","status-publish","has-post-thumbnail","hentry","category-obrasgeodreno"],"_links":{"self":[{"href":"https:\/\/www.tecnosonda.com.br\/es\/wp-json\/wp\/v2\/pages\/1283","targetHints":{"allow":["GET"]}}],"collection":[{"href":"https:\/\/www.tecnosonda.com.br\/es\/wp-json\/wp\/v2\/pages"}],"about":[{"href":"https:\/\/www.tecnosonda.com.br\/es\/wp-json\/wp\/v2\/types\/page"}],"author":[{"embeddable":true,"href":"https:\/\/www.tecnosonda.com.br\/es\/wp-json\/wp\/v2\/users\/3"}],"replies":[{"embeddable":true,"href":"https:\/\/www.tecnosonda.com.br\/es\/wp-json\/wp\/v2\/comments?post=1283"}],"version-history":[{"count":4,"href":"https:\/\/www.tecnosonda.com.br\/es\/wp-json\/wp\/v2\/pages\/1283\/revisions"}],"predecessor-version":[{"id":1574,"href":"https:\/\/www.tecnosonda.com.br\/es\/wp-json\/wp\/v2\/pages\/1283\/revisions\/1574"}],"up":[{"embeddable":true,"href":"https:\/\/www.tecnosonda.com.br\/es\/wp-json\/wp\/v2\/pages\/56"}],"wp:featuredmedia":[{"embeddable":true,"href":"https:\/\/www.tecnosonda.com.br\/es\/wp-json\/wp\/v2\/media\/60"}],"wp:attachment":[{"href":"https:\/\/www.tecnosonda.com.br\/es\/wp-json\/wp\/v2\/media?parent=1283"}],"wp:term":[{"taxonomy":"category","embeddable":true,"href":"https:\/\/www.tecnosonda.com.br\/es\/wp-json\/wp\/v2\/categories?post=1283"},{"taxonomy":"post_tag","embeddable":true,"href":"https:\/\/www.tecnosonda.com.br\/es\/wp-json\/wp\/v2\/tags?post=1283"}],"curies":[{"name":"wp","href":"https:\/\/api.w.org\/{rel}","templated":true}]}}