{"id":121,"date":"2020-05-01T17:23:25","date_gmt":"2020-05-01T20:23:25","guid":{"rendered":"https:\/\/www.tecnosonda.com.br\/?page_id=121"},"modified":"2020-07-30T19:55:43","modified_gmt":"2020-07-30T22:55:43","slug":"estacas-profundas","status":"publish","type":"page","link":"https:\/\/www.tecnosonda.com.br\/es\/fundacoes-e-geotecnia\/estacas-profundas\/","title":{"rendered":"Estacas Profundas"},"content":{"rendered":"<p><b>ESTACA CFA<\/b><\/p>\r\n\r\n\r\n\r\n<p>La pila helicoidal continua es una pila moldeada \u00abin loco\u00bb, ejecutada mediante la excavaci\u00f3n del suelo con un sinf\u00edn helicoidal continuo, simult\u00e1neamente con la inyecci\u00f3n de hormig\u00f3n a trav\u00e9s de la varilla del sinf\u00edn central. La velocidad de perforaci\u00f3n, el par utilizado, el volumen de hormig\u00f3n y la presi\u00f3n de inyecci\u00f3n se controlan mediante un instrumento digital.<\/p>\r\n<p>Este tipo de soluci\u00f3n tiene un bajo costo, una ejecuci\u00f3n r\u00e1pida, es adecuado para suelos con baja resistencia y puede usarse para prop\u00f3sitos de cimentaci\u00f3n o contenci\u00f3n. Soluci\u00f3n viable para \u00e1reas urbanas o industriales, cerca de estructuras existentes, ya que no produce perturbaciones o vibraciones y no causa descompresi\u00f3n del terreno.<\/p>\r\n\r\n\r\n\r\n<p>&nbsp;<\/p>\r\n\r\n\r\n\r\n\r\n\r\n<p><strong>MICRO ESTACA<\/strong><\/p>\r\n\r\n\r\n\r\n<p>La micro estaca es una estaca concreta \u00abin loco\u00bb. Son ampliamente utilizados en terrenos con presencia de rocas y rocas. Tiene una alta capacidad de carga con asentamientos muy bajos y ofrece la posibilidad de ejecuci\u00f3n en \u00e1reas restringidas y alturas limitadas, con una m\u00ednima perturbaci\u00f3n del medio ambiente circundante. Es una excelente soluci\u00f3n para fortalecer cimientos y estabilizar pendientes.<\/p>\r\n\r\n\r\n\r\n<div class=\"wp-block-spacer\" style=\"height: 32px;\" aria-hidden=\"true\">\u00a0<\/div>\r\n\r\n\r\n\r\n<p><strong>ESTACAS CRAVADAS<\/strong><\/p>\r\n\r\n\r\n\r\n<p>Las pilas conducidas son bastante econ\u00f3micas en cimientos que tienen suelos resistentes a grandes profundidades y con altos requisitos de carga. Las pilas de metal o prefabricadas son soluciones econ\u00f3micas para varias situaciones, ya que no representan un riesgo de levantar las pilas vecinas y no ofrecen problemas de manipulaci\u00f3n, transporte, empalme o corte.<\/p>","protected":false},"excerpt":{"rendered":"<p>ESTACA CFA La pila helicoidal continua es una pila moldeada \u00abin loco\u00bb, ejecutada mediante la excavaci\u00f3n del suelo con un sinf\u00edn helicoidal continuo, simult\u00e1neamente con la inyecci\u00f3n de hormig\u00f3n a trav\u00e9s de la varilla del sinf\u00edn central. La velocidad de perforaci\u00f3n, el par utilizado, el volumen de hormig\u00f3n y la presi\u00f3n de inyecci\u00f3n se controlan [&hellip;]<\/p>\n","protected":false},"author":1,"featured_media":60,"parent":56,"menu_order":0,"comment_status":"closed","ping_status":"closed","template":"modelo-interno-servicos.php","meta":{"footnotes":""},"categories":[27],"tags":[],"class_list":["post-121","page","type-page","status-publish","has-post-thumbnail","hentry","category-obrasestacasprofundas"],"_links":{"self":[{"href":"https:\/\/www.tecnosonda.com.br\/es\/wp-json\/wp\/v2\/pages\/121","targetHints":{"allow":["GET"]}}],"collection":[{"href":"https:\/\/www.tecnosonda.com.br\/es\/wp-json\/wp\/v2\/pages"}],"about":[{"href":"https:\/\/www.tecnosonda.com.br\/es\/wp-json\/wp\/v2\/types\/page"}],"author":[{"embeddable":true,"href":"https:\/\/www.tecnosonda.com.br\/es\/wp-json\/wp\/v2\/users\/1"}],"replies":[{"embeddable":true,"href":"https:\/\/www.tecnosonda.com.br\/es\/wp-json\/wp\/v2\/comments?post=121"}],"version-history":[{"count":13,"href":"https:\/\/www.tecnosonda.com.br\/es\/wp-json\/wp\/v2\/pages\/121\/revisions"}],"predecessor-version":[{"id":1517,"href":"https:\/\/www.tecnosonda.com.br\/es\/wp-json\/wp\/v2\/pages\/121\/revisions\/1517"}],"up":[{"embeddable":true,"href":"https:\/\/www.tecnosonda.com.br\/es\/wp-json\/wp\/v2\/pages\/56"}],"wp:featuredmedia":[{"embeddable":true,"href":"https:\/\/www.tecnosonda.com.br\/es\/wp-json\/wp\/v2\/media\/60"}],"wp:attachment":[{"href":"https:\/\/www.tecnosonda.com.br\/es\/wp-json\/wp\/v2\/media?parent=121"}],"wp:term":[{"taxonomy":"category","embeddable":true,"href":"https:\/\/www.tecnosonda.com.br\/es\/wp-json\/wp\/v2\/categories?post=121"},{"taxonomy":"post_tag","embeddable":true,"href":"https:\/\/www.tecnosonda.com.br\/es\/wp-json\/wp\/v2\/tags?post=121"}],"curies":[{"name":"wp","href":"https:\/\/api.w.org\/{rel}","templated":true}]}}