{"id":1185,"date":"2020-07-09T11:58:21","date_gmt":"2020-07-09T14:58:21","guid":{"rendered":"https:\/\/www.tecnosonda.com.br\/?page_id=1185"},"modified":"2020-08-31T16:41:19","modified_gmt":"2020-08-31T19:41:19","slug":"tirantes","status":"publish","type":"page","link":"https:\/\/www.tecnosonda.com.br\/es\/fundacoes-e-geotecnia\/tirantes\/","title":{"rendered":"Tirantes"},"content":{"rendered":"<p>En el proceso de llevar a cabo los tubos ascendentes, su instalaci\u00f3n en el suelo o roche se lleva a cabo despu\u00e9s de que la secci\u00f3n ha sido perforada y posteriormente llena con lechada de cemento. Estas perforaciones deben realizarse de antemano y despu\u00e9s de insertar las varillas de uni\u00f3n, la inyecci\u00f3n se realiza con el aglutinante elegido, como la soluci\u00f3n de cemento. Con esto, se forma el bulbo de anclaje.<\/p>\n<p>Podemos entender con una bombilla de anclaje, una estructura de hormig\u00f3n que se inyecta y se fija en el suelo. Es ideal en macizos inestables, donde pueden ocurrir deslizamientos de tierra y otros problemas. La ejecuci\u00f3n de risers pretensados \u200b\u200bse realiza de acuerdo con las caracter\u00edsticas de la regi\u00f3n y de la tierra misma, adem\u00e1s de satisfacer las necesidades de cada cliente.<\/p>\n<p>La ejecuci\u00f3n de risers pretensados \u200b\u200btiene detalles espec\u00edficos que deben seguirse, as\u00ed como su cuidado durante todo el trabajo para que la ejecuci\u00f3n sea perfecta y pueda seguir paso a paso lo necesario que garantice un resultado bueno y prolongado, brindando seguridad durante todo el proceso.<\/p>","protected":false},"excerpt":{"rendered":"<p>En el proceso de llevar a cabo los tubos ascendentes, su instalaci\u00f3n en el suelo o roche se lleva a cabo despu\u00e9s de que la secci\u00f3n ha sido perforada y posteriormente llena con lechada de cemento. Estas perforaciones deben realizarse de antemano y despu\u00e9s de insertar las varillas de uni\u00f3n, la inyecci\u00f3n se realiza con [&hellip;]<\/p>\n","protected":false},"author":3,"featured_media":60,"parent":56,"menu_order":0,"comment_status":"closed","ping_status":"closed","template":"modelo-interno-servicos.php","meta":{"footnotes":""},"categories":[29],"tags":[],"class_list":["post-1185","page","type-page","status-publish","has-post-thumbnail","hentry","category-obrastirantes"],"_links":{"self":[{"href":"https:\/\/www.tecnosonda.com.br\/es\/wp-json\/wp\/v2\/pages\/1185","targetHints":{"allow":["GET"]}}],"collection":[{"href":"https:\/\/www.tecnosonda.com.br\/es\/wp-json\/wp\/v2\/pages"}],"about":[{"href":"https:\/\/www.tecnosonda.com.br\/es\/wp-json\/wp\/v2\/types\/page"}],"author":[{"embeddable":true,"href":"https:\/\/www.tecnosonda.com.br\/es\/wp-json\/wp\/v2\/users\/3"}],"replies":[{"embeddable":true,"href":"https:\/\/www.tecnosonda.com.br\/es\/wp-json\/wp\/v2\/comments?post=1185"}],"version-history":[{"count":5,"href":"https:\/\/www.tecnosonda.com.br\/es\/wp-json\/wp\/v2\/pages\/1185\/revisions"}],"predecessor-version":[{"id":1572,"href":"https:\/\/www.tecnosonda.com.br\/es\/wp-json\/wp\/v2\/pages\/1185\/revisions\/1572"}],"up":[{"embeddable":true,"href":"https:\/\/www.tecnosonda.com.br\/es\/wp-json\/wp\/v2\/pages\/56"}],"wp:featuredmedia":[{"embeddable":true,"href":"https:\/\/www.tecnosonda.com.br\/es\/wp-json\/wp\/v2\/media\/60"}],"wp:attachment":[{"href":"https:\/\/www.tecnosonda.com.br\/es\/wp-json\/wp\/v2\/media?parent=1185"}],"wp:term":[{"taxonomy":"category","embeddable":true,"href":"https:\/\/www.tecnosonda.com.br\/es\/wp-json\/wp\/v2\/categories?post=1185"},{"taxonomy":"post_tag","embeddable":true,"href":"https:\/\/www.tecnosonda.com.br\/es\/wp-json\/wp\/v2\/tags?post=1185"}],"curies":[{"name":"wp","href":"https:\/\/api.w.org\/{rel}","templated":true}]}}